{"id":5341,"date":"2020-10-13T15:46:33","date_gmt":"2020-10-13T15:46:33","guid":{"rendered":"http:\/\/n-nergy.com\/?page_id=5341"},"modified":"2020-11-09T13:46:04","modified_gmt":"2020-11-09T13:46:04","slug":"egs-2-egshj-2-ind","status":"publish","type":"page","link":"https:\/\/n-nergy.com\/zh\/home\/products\/hubner-encoder\/egs-2-egshj-2-ind\/","title":{"rendered":"EGS 2 \/ EGSHJ 2"},"content":{"rendered":"<figure class=\"wp-block-image size-large is-resized\"><img loading=\"lazy\" decoding=\"async\" src=\"http:\/\/n-nergy.com\/wp-content\/uploads\/2020\/10\/image-removebg-preview-50.png\" alt=\"\" class=\"wp-image-5941\" width=\"461\" height=\"216\" srcset=\"https:\/\/n-nergy.com\/wp-content\/uploads\/2020\/10\/image-removebg-preview-50.png 512w, https:\/\/n-nergy.com\/wp-content\/uploads\/2020\/10\/image-removebg-preview-50-300x141.png 300w\" sizes=\"auto, (max-width: 461px) 100vw, 461px\" \/><\/figure>\n\n\n\n<h4 class=\"wp-block-heading\">Jenis konstruksi<\/h4>\n\n\n\n<p>Poros padat (flensa), Poros berlubang<\/p>\n\n\n\n<h4 class=\"wp-block-heading\">Sinyal keluaran \/ Antarmuka<\/h4>\n\n\n\n<p>Ganti kecepatan keluaran<\/p>\n\n\n\n<ul class=\"wp-block-list\"><li>Memantau kecepatan berlebih dan berhenti<\/li><li>Poros berlubang (bantalan bola terisolasi) hingga \u00d8 17 mm, poros padat \u00d8 11 mm (pemasangan flensa)<\/li><li>Sakelar semi-konduktor yang tidak aus (TIDAK ADA kontak): satu set keluaran switching berfungsi<\/li><li>Kapasitas switching hingga 30 VDC dan 0,5 A.<\/li><\/ul>\n\n\n\n<h4 class=\"wp-block-heading\">Monitor kecepatan preset<\/h4>\n\n\n\n<p>Sakelar kecepatan elektronik memantau kecepatan yang disetel pabrik dengan akurasi peralihan tinggi, termasuk kecepatan pengoperasian rendah. Sebagai alternatif, mereka dapat digunakan sebagai monitor diam. Akibatnya, sakelar kecepatan berperan dalam perlindungan sistem dan personel. Mereka dipasang pada motor, misalnya di derek, dalam operasi penambangan serta di rolling mills dan banyak lagi.<\/p>\n\n\n\n<h4 class=\"wp-block-heading\">Spesifikasi<\/h4>\n\n\n\n<figure class=\"wp-block-table is-style-regular\"><table class=\"has-fixed-layout\"><tbody><tr><td><strong><strong>Tegangan suplai<\/strong><\/strong><\/td><td>12-30 VDC<\/td><\/tr><tr><td><strong>Jumlah antarmuka<\/strong><\/td><td>1<\/td><\/tr><tr><td><strong>Mengalihkan tegangan<\/strong><\/td><td>0-30 VDC<\/td><\/tr><tr><td><strong>Rentang kecepatan peralihan<\/strong><\/td><td>1-6300 rpm dengan poros padat<br>1-5400 rpm dengan poros berlubang<\/td><\/tr><tr><td><strong>Fungsi switching<\/strong><\/td><td>-Pemantauan kecepatan: Buka saat kecepatan switching terlampaui<br>-Pemantauan diam: Buka saat sudut rotasi diubah<br>Titik pergantian set ex-works<\/td><\/tr><tr><td><strong>Rotasi maksimum<\/strong><\/td><td>-Hingga 7000 rpm dengan poros kokoh<br>-Hingga 6000 rpm dengan poros berlubang<\/td><\/tr><tr><td><strong><strong>Sambungan listrik<\/strong><\/strong><\/td><td>-Strip terminal di kotak terminal<br>-Kabel tetap (0,6-3 m)<\/td><\/tr><tr><td><strong>Jenis konstruksi \/ \u00d8 poros<\/strong><\/td><td>-Poros padat (B5) \/ \u00d8 11 mm dengan kunci bulu<br>-Poros berlubang (bantalan terisolasi) \/ \u00d8 12 mm, \u00d8 16 mm dengan penjepit, \u00d8 17 mm dengan lancip 1:10<\/td><\/tr><tr><td><strong><strong>Rentang suhu perangkat<\/strong><\/strong><\/td><td>-25 \u00b0C sampai + 85 \u00b0C<\/td><\/tr><tr><td><strong><strong>Tingkat perlindungan<\/strong><\/strong><\/td><td>IP66<\/td><\/tr><tr><td><strong>Berat<\/strong><\/td><td>Kurang Lebih 2 kg<\/td><\/tr><tr><td><strong><strong>Opsi perangkat<\/strong><\/strong><\/td><td>Keluaran tambahan: Lihat FG 2 dengan opsi S<\/td><\/tr><tr><td><strong>Opsi mekanis<\/strong><\/td><td>Perangkat poros berlubang: Braket torsi (berdasarkan permintaan)<\/td><\/tr><tr><td><strong><strong>Fitur dan sertifikat khusus<\/strong><\/strong><\/td><td>UL\/CSA<\/td><\/tr><\/tbody><\/table><\/figure>\n\n\n\n<p><\/p>\n\n\n\n<div class=\"wp-block-buttons is-layout-flex wp-block-buttons-is-layout-flex\">\n<div class=\"wp-block-button\"><a class=\"wp-block-button__link\" href=\"https:\/\/n-nergy.com\/zh\/?page_id=5334\">KEMBALI KE SAKELAR KECEPATAN BERLEBIH<\/a><\/div>\n<\/div>","protected":false},"excerpt":{"rendered":"<p>Jenis konstruksi Poros padat (flensa), Poros berlubang Sinyal keluaran \/ Antarmuka Ganti kecepatan keluaran Memantau kecepatan berlebih dan berhenti Poros berlubang (bantalan bola terisolasi) hingga \u00d8 17 mm, poros padat \u00d8 11 mm (pemasangan flensa) Sakelar semi-konduktor yang tidak aus (TIDAK ADA kontak): satu set keluaran switching berfungsi Kapasitas switching hingga 30 VDC dan 0,5 &hellip; <a href=\"https:\/\/n-nergy.com\/zh\/home\/products\/hubner-encoder\/egs-2-egshj-2-ind\/\" class=\"more-link\">Continue reading <span class=\"screen-reader-text\">EGS 2 \/ EGSHJ 2<\/span> <span class=\"meta-nav\">&rarr;<\/span><\/a><\/p>","protected":false},"author":1,"featured_media":6361,"parent":71,"menu_order":0,"comment_status":"closed","ping_status":"closed","template":"","meta":{"footnotes":""},"class_list":["post-5341","page","type-page","status-publish","has-post-thumbnail","hentry"],"aioseo_notices":[],"_links":{"self":[{"href":"https:\/\/n-nergy.com\/zh\/wp-json\/wp\/v2\/pages\/5341","targetHints":{"allow":["GET"]}}],"collection":[{"href":"https:\/\/n-nergy.com\/zh\/wp-json\/wp\/v2\/pages"}],"about":[{"href":"https:\/\/n-nergy.com\/zh\/wp-json\/wp\/v2\/types\/page"}],"author":[{"embeddable":true,"href":"https:\/\/n-nergy.com\/zh\/wp-json\/wp\/v2\/users\/1"}],"replies":[{"embeddable":true,"href":"https:\/\/n-nergy.com\/zh\/wp-json\/wp\/v2\/comments?post=5341"}],"version-history":[{"count":2,"href":"https:\/\/n-nergy.com\/zh\/wp-json\/wp\/v2\/pages\/5341\/revisions"}],"predecessor-version":[{"id":7225,"href":"https:\/\/n-nergy.com\/zh\/wp-json\/wp\/v2\/pages\/5341\/revisions\/7225"}],"up":[{"embeddable":true,"href":"https:\/\/n-nergy.com\/zh\/wp-json\/wp\/v2\/pages\/71"}],"wp:featuredmedia":[{"embeddable":true,"href":"https:\/\/n-nergy.com\/zh\/wp-json\/wp\/v2\/media\/6361"}],"wp:attachment":[{"href":"https:\/\/n-nergy.com\/zh\/wp-json\/wp\/v2\/media?parent=5341"}],"curies":[{"name":"wp","href":"https:\/\/api.w.org\/{rel}","templated":true}]}}