{"id":5338,"date":"2020-10-13T15:41:28","date_gmt":"2020-10-13T15:41:28","guid":{"rendered":"http:\/\/n-nergy.com\/?page_id=5338"},"modified":"2020-11-09T13:45:35","modified_gmt":"2020-11-09T13:45:35","slug":"egs-egshj-41-sil-2-ind","status":"publish","type":"page","link":"https:\/\/n-nergy.com\/zh\/home\/products\/hubner-encoder\/egs-egshj-41-sil-2-ind\/","title":{"rendered":"EGS \/ EGSH(J) 41 SIL 2"},"content":{"rendered":"<figure class=\"wp-block-image size-large is-resized is-style-rounded\"><img loading=\"lazy\" decoding=\"async\" src=\"http:\/\/n-nergy.com\/wp-content\/uploads\/2020\/10\/image-removebg-preview-48.png\" alt=\"\" class=\"wp-image-5940\" width=\"483\" height=\"249\" srcset=\"https:\/\/n-nergy.com\/wp-content\/uploads\/2020\/10\/image-removebg-preview-48.png 568w, https:\/\/n-nergy.com\/wp-content\/uploads\/2020\/10\/image-removebg-preview-48-300x155.png 300w\" sizes=\"auto, (max-width: 483px) 100vw, 483px\" \/><\/figure>\n\n\n\n<h4 class=\"wp-block-heading\">Jenis konstruksi<\/h4>\n\n\n\n<p>Poros padat (flensa), Poros solid (flensa \/ kaki), Poros berlubang<\/p>\n\n\n\n<h4 class=\"wp-block-heading\">Sinyal keluaran \/ Antarmuka<\/h4>\n\n\n\n<p>Ganti kecepatan keluaran<\/p>\n\n\n\n<ul class=\"wp-block-list\"><li>Pemantauan kecepatan terintegrasi keselamatan (dapat diprogram)<\/li><li>Poros berlubang hingga \u00d8 20 mm, poros padat hingga \u00d8 14 mm (flensa atau pemasangan kaki)<\/li><li>Sakelar semi-konduktor yang tidak aus (TIDAK ADA kontak): Hingga 4 programmable \/ hingga 2 diagnostik<\/li><li>Opsi: Bantalan bola terisolasi (poros berlubang), keluaran tambahan tambahan, enkoder selanjutnya dapat dipasang<\/li><\/ul>\n\n\n\n<h4 class=\"wp-block-heading\">Monitor kecepatan yang dapat diprogram dengan keamanan terintegrasi<\/h4>\n\n\n\n<figure class=\"wp-block-image size-large is-resized\"><img loading=\"lazy\" decoding=\"async\" src=\"http:\/\/n-nergy.com\/wp-content\/uploads\/2020\/10\/image-removebg-preview-2020-06-30T232536.295.png\" alt=\"\" class=\"wp-image-6607\" width=\"580\" height=\"425\" srcset=\"https:\/\/n-nergy.com\/wp-content\/uploads\/2020\/10\/image-removebg-preview-2020-06-30T232536.295.png 583w, https:\/\/n-nergy.com\/wp-content\/uploads\/2020\/10\/image-removebg-preview-2020-06-30T232536.295-300x220.png 300w, https:\/\/n-nergy.com\/wp-content\/uploads\/2020\/10\/image-removebg-preview-2020-06-30T232536.295-545x400.png 545w\" sizes=\"auto, (max-width: 580px) 100vw, 580px\" \/><\/figure>\n\n\n\n<p>Sakelar kecepatan berlebih elektronik memantau hingga empat rentang kecepatan yang dapat diprogram (kecepatan berlebih, kecepatan rendah, dan kecepatan diam) dengan tingkat akurasi pengalihan yang tinggi, termasuk pada kecepatan pengoperasian rendah. Mereka disertifikasi untuk aplikasi keselamatan hingga SIL 2 \/ PL d. Jika kecepatan yang diprogram terlampaui atau terlalu rendah, output switching masing-masing akan beralih. Akibatnya, sakelar kecepatan berperan dalam perlindungan sistem dan personel. Mereka dipasang pada motor pada derek, dalam operasi penambangan serta di rolling mills dan banyak lagi. Saat perangkat ditukar, dimungkinkan untuk mentransfer parameter yang sebelumnya disimpan di perangkat pertama ke perangkat baru.<\/p>\n\n\n\n<h4 class=\"wp-block-heading\">Spesifikasi<\/h4>\n\n\n\n<figure class=\"wp-block-table is-style-regular\"><table class=\"has-fixed-layout\"><tbody><tr><td><strong><strong>Tegangan suplai<\/strong><\/strong><\/td><td>12-30 VDC atau 100-240 VAC<\/td><\/tr><tr><td><strong>Jumlah antarmuka<\/strong><\/td><td>2 atau 4<\/td><\/tr><tr><td><strong>Mengalihkan tegangan<\/strong><\/td><td>0-30 VDC atau 30-230 VAC\/DC<\/td><\/tr><tr><td><strong>Rentang kecepatan peralihan<\/strong><\/td><td>0,5-5400 rpm dengan poros padat<br>0,5-3600 rpm dengan poros berlubang<\/td><\/tr><tr><td><strong>Fungsi switching<\/strong><\/td><td>-Pemantauan kecepatan: Buka saat kecepatan perpindahan melebihi atau jatuh di bawah<br>-Fungsi tambahan: Arah sakelar rotasi, histeresis sakelar (min. 10%), penundaan peralihan (0-300 ms),\u2026<br>-Pemrograman melalui rentang kecepatan switching yang dipilih (antarmuka: Mini USB)<\/td><\/tr><tr><td><strong>Rotasi maksimum<\/strong><\/td><td>-Hingga 6000 rpm dengan poros padat<br>-Hingga 4000 rpm dengan poros berlubang<\/td><\/tr><tr><td><strong><strong>Sambungan listrik<\/strong><\/strong><\/td><td>-Strip terminal di kotak terminal<br>-Kabel tetap<\/td><\/tr><tr><td><strong>Jenis konstruksi \/ \u00d8 poros<\/strong><\/td><td>-Poros padat (B5, B35) \/ \u00d8 11 mm, \u00d8 14 mm dengan kunci bulu<br>-Poros berlubang \/ \u00d8 16 mm, \u00d8 19 mm, \u00d8 20 mm dengan alur pasak<\/td><\/tr><tr><td><strong><strong>Rentang suhu perangkat<\/strong><\/strong><\/td><td>-25 \u00b0C sampai&nbsp;+85 \u00b0C<\/td><\/tr><tr><td><strong><strong>Tingkat perlindungan<\/strong><\/strong><\/td><td>Hingga IP66 \/ IP67<\/td><\/tr><tr><td><strong>Berat<\/strong><\/td><td>Kurang Lebih 3.5 kg<\/td><\/tr><tr><td><strong><strong>Opsi perangkat<\/strong><\/strong><\/td><td>Dengan tambahan FG 40 terintegrasi<\/td><\/tr><tr><td><strong>Opsi mekanis<\/strong><\/td><td>-Ujung poros kedua dengan flensa B14 untuk attachment (hanya tipe konstruksi poros padat)<br>-Kaki tambahan (hanya tipe konstruksi poros padat)<br>-Bantalan bola terisolasi (hanya tipe konstruksi poros berlubang)<br>-MI: Lingkungan yang menyehatkan<br>-Perangkat poros berlubang: Braket torsi (berdasarkan permintaan)<\/td><\/tr><tr><td><strong><strong>Fitur dan sertifikat khusus<\/strong><\/strong><\/td><td>SIL 2 (IEC 61508) \/ PL d (DIN EN ISO 13849) UL \/ CSA (untuk semua perangkat dengan teknologi koneksi &#8220;Terminal strip dalam kotak terminal&#8221; dan tegangan suplai \/ tegangan switching hingga 30 V)<\/td><\/tr><\/tbody><\/table><\/figure>\n\n\n\n<p><\/p>\n\n\n\n<div class=\"wp-block-buttons is-layout-flex wp-block-buttons-is-layout-flex\">\n<div class=\"wp-block-button\"><a class=\"wp-block-button__link\" href=\"https:\/\/n-nergy.com\/zh\/?page_id=5334\">KEMBALI KE SAKELAR KECEPATAN BERLEBIH<\/a><\/div>\n<\/div>\n\n\n\n<p><\/p>","protected":false},"excerpt":{"rendered":"<p>Jenis konstruksi Poros padat (flensa), Poros solid (flensa \/ kaki), Poros berlubang Sinyal keluaran \/ Antarmuka Ganti kecepatan keluaran Pemantauan kecepatan terintegrasi keselamatan (dapat diprogram) Poros berlubang hingga \u00d8 20 mm, poros padat hingga \u00d8 14 mm (flensa atau pemasangan kaki) Sakelar semi-konduktor yang tidak aus (TIDAK ADA kontak): Hingga 4 programmable \/ hingga 2 &hellip; <a href=\"https:\/\/n-nergy.com\/zh\/home\/products\/hubner-encoder\/egs-egshj-41-sil-2-ind\/\" class=\"more-link\">Continue reading <span class=\"screen-reader-text\">EGS \/ EGSH(J) 41 SIL 2<\/span> <span class=\"meta-nav\">&rarr;<\/span><\/a><\/p>","protected":false},"author":1,"featured_media":6370,"parent":71,"menu_order":0,"comment_status":"closed","ping_status":"closed","template":"","meta":{"footnotes":""},"class_list":["post-5338","page","type-page","status-publish","has-post-thumbnail","hentry"],"aioseo_notices":[],"_links":{"self":[{"href":"https:\/\/n-nergy.com\/zh\/wp-json\/wp\/v2\/pages\/5338","targetHints":{"allow":["GET"]}}],"collection":[{"href":"https:\/\/n-nergy.com\/zh\/wp-json\/wp\/v2\/pages"}],"about":[{"href":"https:\/\/n-nergy.com\/zh\/wp-json\/wp\/v2\/types\/page"}],"author":[{"embeddable":true,"href":"https:\/\/n-nergy.com\/zh\/wp-json\/wp\/v2\/users\/1"}],"replies":[{"embeddable":true,"href":"https:\/\/n-nergy.com\/zh\/wp-json\/wp\/v2\/comments?post=5338"}],"version-history":[{"count":2,"href":"https:\/\/n-nergy.com\/zh\/wp-json\/wp\/v2\/pages\/5338\/revisions"}],"predecessor-version":[{"id":7224,"href":"https:\/\/n-nergy.com\/zh\/wp-json\/wp\/v2\/pages\/5338\/revisions\/7224"}],"up":[{"embeddable":true,"href":"https:\/\/n-nergy.com\/zh\/wp-json\/wp\/v2\/pages\/71"}],"wp:featuredmedia":[{"embeddable":true,"href":"https:\/\/n-nergy.com\/zh\/wp-json\/wp\/v2\/media\/6370"}],"wp:attachment":[{"href":"https:\/\/n-nergy.com\/zh\/wp-json\/wp\/v2\/media?parent=5338"}],"curies":[{"name":"wp","href":"https:\/\/api.w.org\/{rel}","templated":true}]}}