{"id":5336,"date":"2020-10-13T15:35:30","date_gmt":"2020-10-13T15:35:30","guid":{"rendered":"http:\/\/n-nergy.com\/?page_id=5336"},"modified":"2020-11-09T13:44:59","modified_gmt":"2020-11-09T13:44:59","slug":"egs-40-egshj-40-ind","status":"publish","type":"page","link":"https:\/\/n-nergy.com\/zh\/home\/products\/hubner-encoder\/overspeed-switches-2\/egs-40-egshj-40-ind\/","title":{"rendered":"EGS 40 \/ EGSH(J) 40"},"content":{"rendered":"<figure class=\"wp-block-image size-large is-resized\"><img loading=\"lazy\" decoding=\"async\" src=\"http:\/\/n-nergy.com\/wp-content\/uploads\/2020\/10\/image-removebg-preview-37.png\" alt=\"\" class=\"wp-image-5939\" width=\"527\" height=\"246\" srcset=\"https:\/\/n-nergy.com\/wp-content\/uploads\/2020\/10\/image-removebg-preview-37.png 431w, https:\/\/n-nergy.com\/wp-content\/uploads\/2020\/10\/image-removebg-preview-37-300x141.png 300w\" sizes=\"auto, (max-width: 527px) 100vw, 527px\" \/><\/figure>\n\n\n\n<h4 class=\"wp-block-heading\">Jenis konstruksi<\/h4>\n\n\n\n<p>Poros padat (flensa), Poros solid (flensa \/ kaki), Poros berlubang<\/p>\n\n\n\n<h4 class=\"wp-block-heading\">Sinyal keluaran \/ Antarmuka<\/h4>\n\n\n\n<p>Ganti kecepatan keluaran<\/p>\n\n\n\n<ul class=\"wp-block-list\"><li>Pantau kecepatan berlebih dan kecepatan rendah (dapat diprogram)<\/li><li>Poros berlubang hingga \u00d8 25 mm, poros padat hingga \u00d8 14 mm (flensa atau pemasangan kaki)<\/li><li>Output kontak relai \/ pengalihan: Hingga 4 dapat diprogram \/ hingga 2 diagnostik<\/li><li>Opsi: Bantalan bola terisolasi (poros berlubang), keluaran tambahan tambahan, enkoder selanjutnya dapat dipasang<\/li><\/ul>\n\n\n\n<h4 class=\"wp-block-heading\">Monitor kecepatan yang dapat diprogram<\/h4>\n\n\n\n<figure class=\"wp-block-image size-large is-resized\"><img loading=\"lazy\" decoding=\"async\" src=\"http:\/\/n-nergy.com\/wp-content\/uploads\/2020\/10\/image-removebg-preview-47.png\" alt=\"\" class=\"wp-image-6388\" width=\"514\" height=\"485\" srcset=\"https:\/\/n-nergy.com\/wp-content\/uploads\/2020\/10\/image-removebg-preview-47.png 514w, https:\/\/n-nergy.com\/wp-content\/uploads\/2020\/10\/image-removebg-preview-47-300x283.png 300w, https:\/\/n-nergy.com\/wp-content\/uploads\/2020\/10\/image-removebg-preview-47-424x400.png 424w\" sizes=\"auto, (max-width: 514px) 100vw, 514px\" \/><\/figure>\n\n\n\n<p>Sakelar kecepatan berlebih elektronik memantau hingga empat rentang kecepatan yang dapat diprogram (kecepatan berlebih, kecepatan rendah, dan kecepatan diam) dengan tingkat akurasi pengalihan yang tinggi, termasuk pada kecepatan pengoperasian rendah. Jika kecepatan yang diprogram terlampaui atau terlalu rendah, output switching masing-masing akan beralih. Akibatnya, sakelar kecepatan berperan dalam perlindungan sistem dan personel. Mereka dipasang pada motor pada derek, dalam operasi penambangan serta di rolling mills dan banyak lagi. Saat perangkat ditukar, dimungkinkan untuk mentransfer parameter yang sebelumnya disimpan di perangkat pertama ke perangkat baru.<\/p>\n\n\n\n<h4 class=\"wp-block-heading\">Spesifikasi<\/h4>\n\n\n\n<figure class=\"wp-block-table is-style-regular\"><table class=\"has-fixed-layout\"><tbody><tr><td><strong><strong>Tegangan suplai<\/strong><\/strong><\/td><td>12-30\u4f0f\u76f4\u6d41\u6216100-240\u4f0f\u4ea4\u6d41<\/td><\/tr><tr><td><strong>Jumlah antarmuka<\/strong><\/td><td>2 atau 4<\/td><\/tr><tr><td><strong>Mengalihkan tegangan<\/strong><\/td><td>2-30 VDC atau 30-230 VAC\/DC<\/td><\/tr><tr><td><strong>Rentang kecepatan peralihan<\/strong><\/td><td>0,63-6000 rpm dengan poros padat<br>0,63-4000 rpm dengan poros berlubang<\/td><\/tr><tr><td><strong>Fungsi switching<\/strong><\/td><td>-Pemantauan kecepatan: Buka saat kecepatan perpindahan melebihi atau jatuh di bawah<br>-Fungsi tambahan: Arah sakelar rotasi, histeresis sakelar (min. 10%), penundaan peralihan (0-300 ms),\u2026<br>-Pemrograman melalui rentang kecepatan switching yang dipilih (antarmuka: Mini USB)<\/td><\/tr><tr><td><strong>Rotasi maksimum<\/strong><\/td><td>Hingga 6000 rpm dengan poros padat<br>Hingga 4000 rpm dengan poros berlubang<\/td><\/tr><tr><td><strong><strong>Sambungan listrik<\/strong><\/strong><\/td><td>-Strip terminal di kotak terminal<br>-Kabel tetap (0,6-3 m)<br>-Konektor bulat 12 kutub Burndy<br>-Konektor industri 15 kutub<\/td><\/tr><tr><td><strong>Jenis konstruksi \/ \u00d8 poros<\/strong><\/td><td>-Poros padat (B5, B35): \u00d8 11 mm, \u00d8 14 mm dengan kunci bulu<br>-Poros berlubang\/ \u00d8 16 mm, \u00d8 19 mm, \u00d8 20 mm dengan alur pasak; \u00d8 16 mm, \u00d8 25 mm dengan penjepit<\/td><\/tr><tr><td><strong><strong>Rentang suhu perangkat<\/strong><\/strong><\/td><td>0 \u00b0C sampai +70 \u00b0C<br>-25 \u00b0C sampai +85 \u00b0C<br>-40 \u00b0C sampai +85 \u00b0C (dalam permintaan)<\/td><\/tr><tr><td><strong><strong>Tingkat perlindungan<\/strong><\/strong><\/td><td>Hingga IP66 \/ IP67<\/td><\/tr><tr><td><strong>Berat<\/strong><\/td><td>Kurang Lebih 3.5 kg<\/td><\/tr><tr><td><strong><strong>Opsi perangkat<\/strong><\/strong><\/td><td>Keluaran tambahan: Lihat FG 40 dengan opsi S<\/td><\/tr><tr><td><strong>Opsi mekanis<\/strong><\/td><td>-Ujung poros kedua dengan flensa B14 untuk attachment (hanya tipe konstruksi poros padat)<br>-Kaki tambahan (hanya tipe konstruksi poros padat)<br>-Bantalan bola terisolasi (hanya tipe konstruksi poros berlubang)<br>-MI: Lingkungan yang menyehatkan<br>-MS: Area basah di rolling mills<br>-Perangkat poros berlubang: Braket torsi (berdasarkan permintaan)<\/td><\/tr><tr><td><strong><strong>Fitur dan sertifikat khusus<\/strong><\/strong><\/td><td>UL \/ CSA (untuk semua perangkat dengan teknologi koneksi &#8220;Terminal strip dalam kotak terminal&#8221; dan tegangan suplai \/ tegangan switching hingga 30 V)<\/td><\/tr><\/tbody><\/table><\/figure>\n\n\n\n<p><\/p>\n\n\n\n<p><\/p>\n\n\n\n<div class=\"wp-block-buttons is-layout-flex wp-block-buttons-is-layout-flex\">\n<div class=\"wp-block-button\"><a class=\"wp-block-button__link\" href=\"https:\/\/n-nergy.com\/zh\/?page_id=5334\">KEMBALI KE SAKELAR KECEPATAN BERLEBIH<\/a><\/div>\n<\/div>","protected":false},"excerpt":{"rendered":"<p>Jenis konstruksi Poros padat (flensa), Poros solid (flensa \/ kaki), Poros berlubang Sinyal keluaran \/ Antarmuka Ganti kecepatan keluaran Pantau kecepatan berlebih dan kecepatan rendah (dapat diprogram) Poros berlubang hingga \u00d8 25 mm, poros padat hingga \u00d8 14 mm (flensa atau pemasangan kaki) Output kontak relai \/ pengalihan: Hingga 4 dapat diprogram \/ hingga 2 &hellip; <a href=\"https:\/\/n-nergy.com\/zh\/home\/products\/hubner-encoder\/overspeed-switches-2\/egs-40-egshj-40-ind\/\" class=\"more-link\">Continue reading <span class=\"screen-reader-text\">EGS 40 \/ EGSH(J) 40<\/span> <span class=\"meta-nav\">&rarr;<\/span><\/a><\/p>","protected":false},"author":1,"featured_media":6370,"parent":1424,"menu_order":0,"comment_status":"closed","ping_status":"closed","template":"","meta":{"footnotes":""},"class_list":["post-5336","page","type-page","status-publish","has-post-thumbnail","hentry"],"aioseo_notices":[],"_links":{"self":[{"href":"https:\/\/n-nergy.com\/zh\/wp-json\/wp\/v2\/pages\/5336","targetHints":{"allow":["GET"]}}],"collection":[{"href":"https:\/\/n-nergy.com\/zh\/wp-json\/wp\/v2\/pages"}],"about":[{"href":"https:\/\/n-nergy.com\/zh\/wp-json\/wp\/v2\/types\/page"}],"author":[{"embeddable":true,"href":"https:\/\/n-nergy.com\/zh\/wp-json\/wp\/v2\/users\/1"}],"replies":[{"embeddable":true,"href":"https:\/\/n-nergy.com\/zh\/wp-json\/wp\/v2\/comments?post=5336"}],"version-history":[{"count":2,"href":"https:\/\/n-nergy.com\/zh\/wp-json\/wp\/v2\/pages\/5336\/revisions"}],"predecessor-version":[{"id":7223,"href":"https:\/\/n-nergy.com\/zh\/wp-json\/wp\/v2\/pages\/5336\/revisions\/7223"}],"up":[{"embeddable":true,"href":"https:\/\/n-nergy.com\/zh\/wp-json\/wp\/v2\/pages\/1424"}],"wp:featuredmedia":[{"embeddable":true,"href":"https:\/\/n-nergy.com\/zh\/wp-json\/wp\/v2\/media\/6370"}],"wp:attachment":[{"href":"https:\/\/n-nergy.com\/zh\/wp-json\/wp\/v2\/media?parent=5336"}],"curies":[{"name":"wp","href":"https:\/\/api.w.org\/{rel}","templated":true}]}}