{"id":5323,"date":"2020-10-13T15:07:51","date_gmt":"2020-10-13T15:07:51","guid":{"rendered":"http:\/\/n-nergy.com\/?page_id=5323"},"modified":"2020-11-09T13:36:38","modified_gmt":"2020-11-09T13:36:38","slug":"seri-am-amh-40-multiturn-ind","status":"publish","type":"page","link":"https:\/\/n-nergy.com\/zh\/home\/products\/hubner-encoder\/absolute-encoders\/seri-am-amh-40-multiturn-ind\/","title":{"rendered":"Seri AM \/ AMH 40 (Multiturn)"},"content":{"rendered":"<h4 class=\"wp-block-heading\">AMP 40\/AMPH 40, AMN 40\/AMNH 40, AMS 40\/AMSH 40, AMSI 40\/AMSIH 40<\/h4>\n\n\n\n<figure class=\"wp-block-image size-large is-resized\"><a href=\"https:\/\/n-nergy.com\/zh\/?page_id=5323\"><img loading=\"lazy\" decoding=\"async\" src=\"http:\/\/n-nergy.com\/wp-content\/uploads\/2020\/10\/image-removebg-preview-34.png\" alt=\"\" class=\"wp-image-5935\" width=\"257\" height=\"329\"\/><\/a><\/figure>\n\n\n\n<h4 class=\"wp-block-heading\">Jenis konstruksi<\/h4>\n\n\n\n<p>Poros padat (flensa), Poros solid (flensa \/ kaki), Poros berlubang<\/p>\n\n\n\n<h4 class=\"wp-block-heading\">Sinyal keluaran \/ Antarmuka<\/h4>\n\n\n\n<p>HTL, SSI, PROFIBUS-DP, DeviceNet<\/p>\n\n\n\n<ul class=\"wp-block-list\"><li>Poros berlubang hingga \u00d8 20 mm, poros padat hingga \u00d8 14 mm (flensa atau pemasangan kaki)<\/li><li>Desain tugas berat, pembuat enkode lain dapat dipasang<\/li><li>Kualitas sinyal tinggi, hingga 16 bit singleturn dan 12 bit multiturn, beragam antarmuka<\/li><li>Opsi: Antarmuka kedua, tambahan incremental keluaran<\/li><\/ul>\n\n\n\n<h4 class=\"wp-block-heading\">POSISI VERSATILE DAN DETEKTOR KECEPATAN ROTASI<\/h4>\n\n\n\n<figure class=\"wp-block-image size-large is-resized\"><img loading=\"lazy\" decoding=\"async\" src=\"http:\/\/n-nergy.com\/wp-content\/uploads\/2020\/10\/boon.png\" alt=\"\" class=\"wp-image-6373\" width=\"357\" height=\"268\" srcset=\"https:\/\/n-nergy.com\/wp-content\/uploads\/2020\/10\/boon.png 739w, https:\/\/n-nergy.com\/wp-content\/uploads\/2020\/10\/boon-300x225.png 300w, https:\/\/n-nergy.com\/wp-content\/uploads\/2020\/10\/boon-700x526.png 700w, https:\/\/n-nergy.com\/wp-content\/uploads\/2020\/10\/boon-533x400.png 533w\" sizes=\"auto, (max-width: 357px) 100vw, 357px\" \/><\/figure>\n\n\n\n<p>Encoder multiturn yang kokoh AM \u2026 40 dan AM \u2026 H 40 dapat digunakan dalam berbagai macam aplikasi untuk mendeteksi posisi dan kecepatan rotasi di rolling dan pabrik baja, dalam operasi penambangan serta dalam sistem pelabuhan dan crane. Mereka memberikan informasi yang tepat tentang posisi poros dan jumlah rotasi; misalnya, mereka dipasang pada aplikasi roda gigi pengangkat agar dapat menentukan posisi yang tepat setiap saat. Berkat konstruksi kaki yang sangat kokoh, dimungkinkan untuk dengan mudah memasang encoder tambahan ke ujung poros kedua.<\/p>\n\n\n\n<h4 class=\"wp-block-heading\">Spesifikasi<\/h4>\n\n\n\n<figure class=\"wp-block-table is-style-regular\"><table class=\"has-fixed-layout\"><tbody><tr><td><strong><strong>Tegangan suplai<\/strong><\/strong><\/td><td>12-30 VDC<\/td><\/tr><tr><td><strong>Resolusi<\/strong><\/td><td>-Multiturn maks. 12 bit (4096 rotasi)<br>-Singleturn max. 16 bit (65536 langkah per rotasi)<\/td><\/tr><tr><td><strong>Jumlah antarmuka<\/strong><\/td><td>1 atau 2<\/td><\/tr><tr><td><strong>Antarmuka \/ Nama Produk<\/strong><\/td><td>-PROFIBUS-DP&nbsp; |&nbsp; AMP 40\/AMPH 40<br>-DeviceNet&nbsp; |&nbsp; AMN 40\/AMNH 40<br>-SSI&nbsp; |&nbsp; AMS 40\/AMSH 40<br>-SSI-Inkremental&nbsp; |&nbsp; AMSI 40\/AMSIH 40<\/td><\/tr><tr><td><strong>Rotasi maksimum<\/strong><\/td><td>Poros padat: hingga 6000 rpm<br>-Poros berlubang: hingga 4000 rpm<\/td><\/tr><tr><td><strong><strong>Sambungan listrik<\/strong><\/strong><\/td><td>-Terminal strip dalam kotak terminal<br>-Kabel tetap<br>-Konektor bulat 12 kutub Burndy<br>-12 konektor bulat kutub M23<br>-Konektor industri 15 kutub<br>-Kotak fieldbus<\/td><\/tr><tr><td><strong>Jenis konstruksi \/ \u00d8 poros<\/strong><\/td><td>-Poros padat: \u00d8 11 mm atau \u00d8 14 mm dengan kunci bulu<br>-Poros berlubang: \u00d8 20 mm dengan alur pasak; \u00d8 16 mm dengan penjepit<\/td><\/tr><tr><td><strong><strong>Rentang suhu perangkat<\/strong><\/strong><\/td><td>-25 \u00b0C sampai +85 \u00b0C<br>-40 \u00b0C sampai +85 \u00b0C<br>0 \u00b0C sampai +70 \u00b0C<\/td><\/tr><tr><td><strong><strong>Tingkat perlindungan<\/strong><\/strong><\/td><td>Hingga IP66 \/ IP67<\/td><\/tr><tr><td><strong>Berat<\/strong><\/td><td>Kurang Lebih4.5 kg<\/td><\/tr><tr><td><strong><strong>Opsi perangkat<\/strong><\/strong><\/td><td>-Keluaran inkremental tunggal tambahan<br>-Output inkremental ganda tambahan dengan pulsa referensi di kotak terminal kedua<\/td><\/tr><tr><td><strong>Opsi mekanis<\/strong><\/td><td>Ujung poros kedua dengan flensa B14 untuk attachment (hanya tipe konstruksi poros padat)<br>-Kaki tambahan (hanya tipe -konstruksi poros padat)<br>-Bantalan bola terisolasi (hanya tipe konstruksi poros berlubang)<br>-MI: Lingkungan yang menyehatkan<br>-MS: Area basah di rolling mills<br>-Perangkat poros ikuti: Braket torsi (berdasarkan permintaan)<\/td><\/tr><tr><td><strong><strong>Fitur dan sertifikat khusus<\/strong><\/strong><\/td><td>UL\/CSA<\/td><\/tr><\/tbody><\/table><\/figure>\n\n\n\n<p><\/p>\n\n\n\n<div class=\"wp-block-buttons is-layout-flex wp-block-buttons-is-layout-flex\">\n<div class=\"wp-block-button\"><a class=\"wp-block-button__link\" href=\"https:\/\/n-nergy.com\/zh\/?page_id=5318\"><strong><span class=\"uppercase\">KEMBALI KE ENCODER MUTLAK<\/span><\/strong><\/a><\/div>\n<\/div>","protected":false},"excerpt":{"rendered":"<p>AMP 40\/AMPH 40, AMN 40\/AMNH 40, AMS 40\/AMSH 40, AMSI 40\/AMSIH 40 Jenis konstruksi Poros padat (flensa), Poros solid (flensa \/ kaki), Poros berlubang Sinyal keluaran \/ Antarmuka HTL, SSI, PROFIBUS-DP, DeviceNet Poros berlubang hingga \u00d8 20 mm, poros padat hingga \u00d8 14 mm (flensa atau pemasangan kaki) Desain tugas berat, pembuat enkode lain dapat &hellip; <a href=\"https:\/\/n-nergy.com\/zh\/home\/products\/hubner-encoder\/absolute-encoders\/seri-am-amh-40-multiturn-ind\/\" class=\"more-link\">Continue reading <span class=\"screen-reader-text\">Seri AM \/ AMH 40 (Multiturn)<\/span> <span class=\"meta-nav\">&rarr;<\/span><\/a><\/p>","protected":false},"author":1,"featured_media":6375,"parent":117,"menu_order":0,"comment_status":"closed","ping_status":"closed","template":"","meta":{"footnotes":""},"class_list":["post-5323","page","type-page","status-publish","has-post-thumbnail","hentry"],"aioseo_notices":[],"_links":{"self":[{"href":"https:\/\/n-nergy.com\/zh\/wp-json\/wp\/v2\/pages\/5323","targetHints":{"allow":["GET"]}}],"collection":[{"href":"https:\/\/n-nergy.com\/zh\/wp-json\/wp\/v2\/pages"}],"about":[{"href":"https:\/\/n-nergy.com\/zh\/wp-json\/wp\/v2\/types\/page"}],"author":[{"embeddable":true,"href":"https:\/\/n-nergy.com\/zh\/wp-json\/wp\/v2\/users\/1"}],"replies":[{"embeddable":true,"href":"https:\/\/n-nergy.com\/zh\/wp-json\/wp\/v2\/comments?post=5323"}],"version-history":[{"count":2,"href":"https:\/\/n-nergy.com\/zh\/wp-json\/wp\/v2\/pages\/5323\/revisions"}],"predecessor-version":[{"id":7216,"href":"https:\/\/n-nergy.com\/zh\/wp-json\/wp\/v2\/pages\/5323\/revisions\/7216"}],"up":[{"embeddable":true,"href":"https:\/\/n-nergy.com\/zh\/wp-json\/wp\/v2\/pages\/117"}],"wp:featuredmedia":[{"embeddable":true,"href":"https:\/\/n-nergy.com\/zh\/wp-json\/wp\/v2\/media\/6375"}],"wp:attachment":[{"href":"https:\/\/n-nergy.com\/zh\/wp-json\/wp\/v2\/media?parent=5323"}],"curies":[{"name":"wp","href":"https:\/\/api.w.org\/{rel}","templated":true}]}}