{"id":5299,"date":"2020-10-13T14:26:40","date_gmt":"2020-10-13T14:26:40","guid":{"rendered":"http:\/\/n-nergy.com\/?page_id=5299"},"modified":"2020-11-10T13:14:31","modified_gmt":"2020-11-10T13:14:31","slug":"fg-fgh-41-sil-3-ind","status":"publish","type":"page","link":"https:\/\/n-nergy.com\/zh\/home\/products\/hubner-encoder\/incremental-encoders\/fg-fgh-41-sil-3-ind\/","title":{"rendered":"FG\/FGH 41 SIL 3"},"content":{"rendered":"<h3 class=\"wp-block-heading\">Baru!<\/h3>\n\n\n\n<figure class=\"wp-block-image size-large is-resized is-style-default\"><a href=\"https:\/\/n-nergy.com\/zh\/?page_id=5299\"><img loading=\"lazy\" decoding=\"async\" src=\"http:\/\/n-nergy.com\/wp-content\/uploads\/2020\/10\/image-removebg-preview-97.png\" alt=\"\" class=\"wp-image-5928\" width=\"263\" height=\"289\" srcset=\"https:\/\/n-nergy.com\/wp-content\/uploads\/2020\/10\/image-removebg-preview-97.png 389w, https:\/\/n-nergy.com\/wp-content\/uploads\/2020\/10\/image-removebg-preview-97-273x300.png 273w, https:\/\/n-nergy.com\/wp-content\/uploads\/2020\/10\/image-removebg-preview-97-364x400.png 364w\" sizes=\"auto, (max-width: 263px) 100vw, 263px\" \/><\/a><\/figure>\n\n\n\n<ul class=\"wp-block-list\"><li>Poros berlubang hingga \u00d8 20 mm, poros padat hingga \u00d8 14 mm (flensa atau pemasangan kaki)<\/li><li>Tersertifikasi untuk aplikasi keselamatan hingga SIL 3 \/ PL e<\/li><li>Kualitas sinyal tinggi, HTL, TTL, sin \/ cos, hingga 4096 pulsa<\/li><li>Opsi: attachment poros padat atau berlubang bersertifikat keselamatan<\/li><\/ul>\n\n\n\n<figure class=\"wp-block-image size-large is-resized is-style-default\"><img loading=\"lazy\" decoding=\"async\" src=\"https:\/\/n-nergy.com\/wp-content\/uploads\/2020\/10\/image-removebg-preview-98-1.png\" alt=\"\" class=\"wp-image-6916\" width=\"508\" height=\"298\" srcset=\"https:\/\/n-nergy.com\/wp-content\/uploads\/2020\/10\/image-removebg-preview-98-1.png 604w, https:\/\/n-nergy.com\/wp-content\/uploads\/2020\/10\/image-removebg-preview-98-1-300x176.png 300w\" sizes=\"auto, (max-width: 508px) 100vw, 508px\" \/><\/figure>\n\n\n\n<h3 class=\"wp-block-heading\">Solusi tangguh dengan sertifikasi keselamatan<\/h3>\n\n\n\n<p>Enkoder inkremental yang sangat kokoh FG 41 (poros padat) \/ FGH 41 (poros berlubang) dirancang khusus untuk aplikasi keselamatan di industri berat. Seri bersertifikat SIL menawarkan tingkat keamanan yang tinggi hingga SIL 2 \/ PL d (berorientasi posisi) dan SIL 3 \/ PL e (berorientasi kecepatan). Encoder sangat tahan terhadap beban kejut dan getaran, dengan tingkat perlindungan hingga IP67. Day menawarkan kualitas sinyal tinggi (HTL, TTL, Sin \/ Cos) hingga 4096 pulsa untuk menjamin hasil pengukuran yang tepat bahkan dalam kondisi pengoperasian yang sangat keras seperti di area basah di rolling mills atau udara laut.<\/p>\n\n\n\n<h3 class=\"wp-block-heading\">Spesifikasi<\/h3>\n\n\n\n<figure class=\"wp-block-table is-style-regular\"><table class=\"has-fixed-layout\"><tbody><tr><td><strong><strong><strong>Tegangan suplai<\/strong><\/strong><\/strong><\/td><td>12-30 VDC<\/td><\/tr><tr><td><strong><strong>Amplitudo sinyal<\/strong><\/strong><\/td><td>-HTL atau TTL<br>-Sin\/ Cos<\/td><\/tr><tr><td><strong><strong>Denyut nadi<\/strong><\/strong><\/td><td>1024, 2048, 4096 &#8211; lainnya berdasarkan permintaan.<\/td><\/tr><tr><td><strong><strong>Sinyal keluaran<\/strong><\/strong><\/td><td>0 \u00b0, 90 \u00b0 dan sinyal terbalik<br>Pulsa referensi (N) tanpa SIL \/ PL, dengan sinyal terbalik<\/td><\/tr><tr><td><strong><strong>Frekuensi maksimum<\/strong><\/strong><\/td><td>-Poros padat: hingga 4000 rpm \/ HTL dan TTL: 100 kHz; Sin \/ Cos: 500 kHz<br>-Poros berlubang: hingga 3000 rpm \/ HTL dan TTL: 100 kHz; Sin \/ Cos 500 kHz<\/td><\/tr><tr><td><strong><strong><strong>Sambungan listrik<\/strong><\/strong><\/strong><\/td><td>-Terminal strip dalam kotak terminal<br>-Kabel tetap<br>-12-konektor bulat kutub M23<\/td><\/tr><tr><td><strong><strong>Jenis konstruksi \/ \u00d8 poros<\/strong><\/strong><\/td><td>-Poros padat (B5 \/ B35): \u00d8 11 mm atau \u00d8 14 mm<br>-Poros berlubang: \u00d8 20 mm dengan alur pasak (untuk poros hingga panjang maks .: 48 mm)<\/td><\/tr><tr><td><strong><strong><strong>Rentang suhu perangkat<\/strong><\/strong><\/strong><\/td><td>-40 \u00b0C sampai +85 \u00b0C<\/td><\/tr><tr><td><strong><strong><strong>Tingkat perlindungan<\/strong><\/strong><\/strong><\/td><td>Hingga IP66 \/ IP67<\/td><\/tr><tr><td><strong><strong>Berat<\/strong><\/strong><\/td><td>Kurang Lebih 3.0 kg<\/td><\/tr><tr><td><strong><strong>Opsi mekanis<\/strong><\/strong><\/td><td>Kaki tambahan (poros kokoh, hanya tipe konstruksi B35)<\/td><\/tr><tr><td><strong><strong><strong>Fitur dan sertifikat khusus<\/strong><\/strong><\/strong><\/td><td>-Untuk fungsi keselamatan berorientasi kecepatan SLS, SSR, SSM, SLA, SAR: SIL 3 (DIN EN 61508); PL e \/ kategori 3 (DIN EN ISO 13849)<br>-Untuk fungsi keselamatan berorientasi posisi SDI, SS1, SS2, SOS, SLP, SLI, SCA: SIL 2 (DIN EN 61508); PL d \/ kategori 3 (DIN EN ISO 13849)<br>-Cocok untuk area basah di rolling mills<br>-Tahan air asin<\/td><\/tr><\/tbody><\/table><\/figure>\n\n\n\n<p><\/p>\n\n\n\n<div class=\"wp-block-buttons is-layout-flex wp-block-buttons-is-layout-flex\">\n<div class=\"wp-block-button\"><a class=\"wp-block-button__link\" href=\"https:\/\/n-nergy.com\/zh\/?page_id=5288\"><span class=\"uppercase\">KEMBALI KE ENCODER INKREMENTAL<\/span><\/a><\/div>\n<\/div>\n\n\n\n<p><\/p>","protected":false},"excerpt":{"rendered":"<p>Baru! Poros berlubang hingga \u00d8 20 mm, poros padat hingga \u00d8 14 mm (flensa atau pemasangan kaki) Tersertifikasi untuk aplikasi keselamatan hingga SIL 3 \/ PL e Kualitas sinyal tinggi, HTL, TTL, sin \/ cos, hingga 4096 pulsa Opsi: attachment poros padat atau berlubang bersertifikat keselamatan Solusi tangguh dengan sertifikasi keselamatan Enkoder inkremental yang sangat &hellip; <a href=\"https:\/\/n-nergy.com\/zh\/home\/products\/hubner-encoder\/incremental-encoders\/fg-fgh-41-sil-3-ind\/\" class=\"more-link\">Continue reading <span class=\"screen-reader-text\">FG\/FGH 41 SIL 3<\/span> <span class=\"meta-nav\">&rarr;<\/span><\/a><\/p>","protected":false},"author":1,"featured_media":6580,"parent":113,"menu_order":0,"comment_status":"closed","ping_status":"closed","template":"","meta":{"footnotes":""},"class_list":["post-5299","page","type-page","status-publish","has-post-thumbnail","hentry"],"aioseo_notices":[],"_links":{"self":[{"href":"https:\/\/n-nergy.com\/zh\/wp-json\/wp\/v2\/pages\/5299","targetHints":{"allow":["GET"]}}],"collection":[{"href":"https:\/\/n-nergy.com\/zh\/wp-json\/wp\/v2\/pages"}],"about":[{"href":"https:\/\/n-nergy.com\/zh\/wp-json\/wp\/v2\/types\/page"}],"author":[{"embeddable":true,"href":"https:\/\/n-nergy.com\/zh\/wp-json\/wp\/v2\/users\/1"}],"replies":[{"embeddable":true,"href":"https:\/\/n-nergy.com\/zh\/wp-json\/wp\/v2\/comments?post=5299"}],"version-history":[{"count":2,"href":"https:\/\/n-nergy.com\/zh\/wp-json\/wp\/v2\/pages\/5299\/revisions"}],"predecessor-version":[{"id":7247,"href":"https:\/\/n-nergy.com\/zh\/wp-json\/wp\/v2\/pages\/5299\/revisions\/7247"}],"up":[{"embeddable":true,"href":"https:\/\/n-nergy.com\/zh\/wp-json\/wp\/v2\/pages\/113"}],"wp:featuredmedia":[{"embeddable":true,"href":"https:\/\/n-nergy.com\/zh\/wp-json\/wp\/v2\/media\/6580"}],"wp:attachment":[{"href":"https:\/\/n-nergy.com\/zh\/wp-json\/wp\/v2\/media?parent=5299"}],"curies":[{"name":"wp","href":"https:\/\/api.w.org\/{rel}","templated":true}]}}