{"id":5295,"date":"2020-10-13T14:21:33","date_gmt":"2020-10-13T14:21:33","guid":{"rendered":"http:\/\/n-nergy.com\/?page_id=5295"},"modified":"2020-11-10T13:02:14","modified_gmt":"2020-11-10T13:02:14","slug":"fg-fghj-40-ind","status":"publish","type":"page","link":"https:\/\/n-nergy.com\/zh\/home\/products\/hubner-encoder\/incremental-encoders\/fg-fghj-40-ind\/","title":{"rendered":"FG\/FGH(J) 40"},"content":{"rendered":"<figure class=\"wp-block-image size-large is-resized is-style-default\"><a href=\"https:\/\/n-nergy.com\/zh\/?page_id=5295\"><img loading=\"lazy\" decoding=\"async\" src=\"http:\/\/n-nergy.com\/wp-content\/uploads\/2020\/10\/image-removebg-preview-2020-06-30T211916.919.png\" alt=\"\" class=\"wp-image-5927\" width=\"314\" height=\"264\" srcset=\"https:\/\/n-nergy.com\/wp-content\/uploads\/2020\/10\/image-removebg-preview-2020-06-30T211916.919.png 545w, https:\/\/n-nergy.com\/wp-content\/uploads\/2020\/10\/image-removebg-preview-2020-06-30T211916.919-300x252.png 300w, https:\/\/n-nergy.com\/wp-content\/uploads\/2020\/10\/image-removebg-preview-2020-06-30T211916.919-476x400.png 476w\" sizes=\"auto, (max-width: 314px) 100vw, 314px\" \/><\/a><\/figure>\n\n\n\n<ul class=\"wp-block-list\"><li>Poros berlubang hingga \u00d8 20 mm, poros padat hingga \u00d8 14 mm (flensa atau pemasangan kaki)<\/li><li>Desain yang kuat, pembuat encoder lain dapat dipasang<\/li><li>Hingga 1 juta pulsa HTL \/ TTL, hingga 2500 periode sinus<\/li><li>Opsi: Output sinyal kedua, pemancar FOC, sakelar kecepatan berlebih yang dapat diprogram tambahan, bantalan hibrida (FGHJ 40)<\/li><\/ul>\n\n\n\n<figure class=\"wp-block-image size-large is-resized is-style-default\"><img loading=\"lazy\" decoding=\"async\" src=\"https:\/\/n-nergy.com\/wp-content\/uploads\/2020\/10\/image-removebg-preview-2020-06-30T212145.280-1.png\" alt=\"\" class=\"wp-image-6914\" width=\"474\" height=\"274\" srcset=\"https:\/\/n-nergy.com\/wp-content\/uploads\/2020\/10\/image-removebg-preview-2020-06-30T212145.280-1.png 656w, https:\/\/n-nergy.com\/wp-content\/uploads\/2020\/10\/image-removebg-preview-2020-06-30T212145.280-1-300x174.png 300w\" sizes=\"auto, (max-width: 474px) 100vw, 474px\" \/><\/figure>\n\n\n\n<p>Encoder inkremental FG 40 (poros padat) \/ FGH (J) 40 (poros berlubang) dapat digunakan dalam berbagai aplikasi untuk mengukur kecepatan penggerak standar, tambahan dan sekunder di pabrik baja dan rolling, juga dalam operasi penambangan seperti pada sistem pelabuhan dan derek. Saat memasang dengan kopling terisolasi (poros padat) atau dengan bantalan hibrida isolasi yang tersedia secara opsional (poros berlubang), bantalan tersebut melindungi drivetrain dari arus poros yang merusak. Mereka menawarkan kualitas sinyal tinggi dan, jika diperlukan, denyut nadi tinggi untuk kontrol umpan balik dinamis di seluruh rentang kecepatan. Khususnya konstruksi kaki yang kokoh memfasilitasi pemasangan sederhana pembuat encoder lebih lanjut di ujung poros kedua.<\/p>\n\n\n\n<h3 class=\"wp-block-heading\">Spesifikasi<\/h3>\n\n\n\n<figure class=\"wp-block-table is-style-regular\"><table class=\"has-fixed-layout\"><tbody><tr><td><strong><strong><strong>Tegangan suplai<\/strong><\/strong><\/strong><\/td><td>12-30 VDC\uff085 VDC\u53ef\u9009\uff09<\/td><\/tr><tr><td><strong><strong>Amplitudo sinyal<\/strong><\/strong><\/td><td>HTL atau TTL<br>Sin\/Cos<\/td><\/tr><tr><td><strong><strong>Denyut nadi<\/strong><\/strong><\/td><td>-Denyut nadi standar HTL \/ TTL: 500, 600, 1000, 1024, 1200, 1300, 2000, 2048, 2400, 2500<br>-Denyut nadi khusus HTL \/ TTL: 4000, 4096, 4800, 5000, 8192, 10000, 12000, 16000, 16384, 20000, 25000, 40000, 50000 sampai dengan 1 juta<br>-Denyut nadi standar Sin \/ Cos: 500, 600, 1000, 1024, 1200, 1300, 2500<\/td><\/tr><tr><td><strong><strong>Sinyal keluaran<\/strong><\/strong><\/td><td>0 \u00b0, 90 \u00b0, status dan sinyal terbalik<\/td><\/tr><tr><td><strong><strong>Frekuensi maksimum<\/strong><\/strong><\/td><td>-Poros padat: hingga 6000 rpm \/ 200 kHz<br>-Poros berlubang: hingga 4000 rpm \/ 200 kHz<\/td><\/tr><tr><td><strong><strong><strong>Sambungan listrik<\/strong><\/strong><\/strong><\/td><td>-Terminal strip dalam kotak terminal<br>-Kabel tetap<br>-Konektor bulat 12 kutub Burndy<br>-Konektor industri 15 kutub<br>-Konektor FOC di kotak terminal<\/td><\/tr><tr><td><strong><strong>Jenis konstruksi \/ \u00d8 poros<\/strong><\/strong><\/td><td>-Poros padat (B5, B35) \/ \u00d8 11 mm, \u00d8 14 mm dengan kunci bulu<br>-Poros berlubang \/ \u00d8 16 mm, \u00d8 19 mm, \u00d8 20 mm dengan alur pasak; \u00d8 16 mm, \u00d8 25 mm dengan penjepit<\/td><\/tr><tr><td><strong><strong><strong>Rentang suhu perangkat<\/strong><\/strong><\/strong><\/td><td>0 \u00b0C sampai +70 \u00b0C<br>-25 \u00b0C sampai +85 \u00b0C<br>-40 \u00b0C sampai +85 \u00b0C<br>-5 \u00b0C sampai +100 \u00b0C<\/td><\/tr><tr><td><strong><strong><strong>Tingkat perlindungan<\/strong><\/strong><\/strong><\/td><td>Hingga IP66 \/ IP67<\/td><\/tr><tr><td><strong><strong>Berat<\/strong><\/strong><\/td><td>Kurang Lebih 3.5 kg<\/td><\/tr><tr><td><strong><strong><strong>Opsi perangkat<\/strong><\/strong><\/strong><\/td><td>-Keluaran tambahan yang berlebihan<br>-S: Sakelar overspeed elektronik dengan dua titik pengalihan yang saling independen dan dapat diprogram.<br>-FOC: Sebagai alternatif transmisi sinyal konvensional melalui kabel tembaga, sinyal encoder juga dapat dikirimkan melalui kabel serat optik.<br>-N: Pulsa referensi tetap secara mekanis (N), satu pulsa gelombang persegi per revolusi, dengan sinyal terbalik.<br>-2F: Pulsa track dasar dua kali lebih banyak dengan menggabungkan track 0 \u00b0 dan 90 \u00b0.<br>-B: Arah rotasi yang cepat pada setiap tepi trek 0 \u00b0 dan 90 \u00b0.<br>-B2: Arah rotasi yang cepat pada setiap tepi trek 0 \u00b0 dan 90 \u00b0; deteksi macet tambahan.<br>-B3: Arah sinyal keluaran tergantung rotasi. Opsi ini mendukung kartu counter dengan input pulsa NAIK \/ TURUN terpisah. Sinyal track dasar dikeluarkan pada keluaran opsional 1 saat rotasi searah jarum jam dan pada keluaran opsional 2 saat rotasi berlawanan arah jarum jam.<br>-SH: 1 Vpp menandakan sin, cos, pulsa referensi. Status sebagai sinyal HTL; semua sinyal masing-masing dengan sinyal terbalik masing-masing.<br>-ST: 1 Vpp memberi sinyal sin, cos, pulsa referensi. Status sebagai sinyal TTL; semua sinyal masing-masing dengan sinyal terbalik masing-masing.<\/td><\/tr><tr><td><strong><strong>Opsi mekanis<\/strong><\/strong><\/td><td>-Ujung poros kedua dengan flensa B14 untuk attachment (hanya tipe konstruksi poros padat)<br>Kaki tambahan (hanya tipe konstruksi poros padat)<br>Bantalan bola terisolasi (hanya tipe konstruksi poros berlubang)<br>-MI: Lingkungan yang menyehatkan<br>-MS: Area basah di rolling mills<br>-Perangkat poros ikuti: Braket torsi (berdasarkan permintaan)<\/td><\/tr><tr><td><strong><strong><strong><strong>Fitur dan sertifikat khusus<\/strong><\/strong><\/strong><\/strong><\/td><td>UL\/CSA<\/td><\/tr><\/tbody><\/table><\/figure>\n\n\n\n<p><\/p>\n\n\n\n<div class=\"wp-block-buttons is-layout-flex wp-block-buttons-is-layout-flex\">\n<div class=\"wp-block-button\"><a class=\"wp-block-button__link\" href=\"https:\/\/n-nergy.com\/zh\/?page_id=5288\"><span class=\"uppercase\">KEMBALI KE ENCODER INKREMENTAL<\/span><\/a><\/div>\n<\/div>","protected":false},"excerpt":{"rendered":"<p>Poros berlubang hingga \u00d8 20 mm, poros padat hingga \u00d8 14 mm (flensa atau pemasangan kaki) Desain yang kuat, pembuat encoder lain dapat dipasang Hingga 1 juta pulsa HTL \/ TTL, hingga 2500 periode sinus Opsi: Output sinyal kedua, pemancar FOC, sakelar kecepatan berlebih yang dapat diprogram tambahan, bantalan hibrida (FGHJ 40) Encoder inkremental FG &hellip; <a href=\"https:\/\/n-nergy.com\/zh\/home\/products\/hubner-encoder\/incremental-encoders\/fg-fghj-40-ind\/\" class=\"more-link\">Continue reading <span class=\"screen-reader-text\">FG\/FGH(J) 40<\/span> <span class=\"meta-nav\">&rarr;<\/span><\/a><\/p>","protected":false},"author":1,"featured_media":6585,"parent":113,"menu_order":0,"comment_status":"closed","ping_status":"closed","template":"","meta":{"footnotes":""},"class_list":["post-5295","page","type-page","status-publish","has-post-thumbnail","hentry"],"aioseo_notices":[],"_links":{"self":[{"href":"https:\/\/n-nergy.com\/zh\/wp-json\/wp\/v2\/pages\/5295","targetHints":{"allow":["GET"]}}],"collection":[{"href":"https:\/\/n-nergy.com\/zh\/wp-json\/wp\/v2\/pages"}],"about":[{"href":"https:\/\/n-nergy.com\/zh\/wp-json\/wp\/v2\/types\/page"}],"author":[{"embeddable":true,"href":"https:\/\/n-nergy.com\/zh\/wp-json\/wp\/v2\/users\/1"}],"replies":[{"embeddable":true,"href":"https:\/\/n-nergy.com\/zh\/wp-json\/wp\/v2\/comments?post=5295"}],"version-history":[{"count":3,"href":"https:\/\/n-nergy.com\/zh\/wp-json\/wp\/v2\/pages\/5295\/revisions"}],"predecessor-version":[{"id":7241,"href":"https:\/\/n-nergy.com\/zh\/wp-json\/wp\/v2\/pages\/5295\/revisions\/7241"}],"up":[{"embeddable":true,"href":"https:\/\/n-nergy.com\/zh\/wp-json\/wp\/v2\/pages\/113"}],"wp:featuredmedia":[{"embeddable":true,"href":"https:\/\/n-nergy.com\/zh\/wp-json\/wp\/v2\/media\/6585"}],"wp:attachment":[{"href":"https:\/\/n-nergy.com\/zh\/wp-json\/wp\/v2\/media?parent=5295"}],"curies":[{"name":"wp","href":"https:\/\/api.w.org\/{rel}","templated":true}]}}