{"id":5292,"date":"2020-10-13T14:14:37","date_gmt":"2020-10-13T14:14:37","guid":{"rendered":"http:\/\/n-nergy.com\/?page_id=5292"},"modified":"2020-11-10T13:01:28","modified_gmt":"2020-11-10T13:01:28","slug":"fg-2-fghj-2-ind","status":"publish","type":"page","link":"https:\/\/n-nergy.com\/zh\/home\/products\/hubner-encoder\/incremental-encoders\/fg-2-fghj-2-ind\/","title":{"rendered":"FG 2\/FGHJ 2"},"content":{"rendered":"<figure class=\"wp-block-image size-large is-resized\"><img loading=\"lazy\" decoding=\"async\" src=\"http:\/\/n-nergy.com\/wp-content\/uploads\/2020\/10\/image-removebg-preview-40.png\" alt=\"\" class=\"wp-image-5926\" width=\"346\" height=\"159\" srcset=\"https:\/\/n-nergy.com\/wp-content\/uploads\/2020\/10\/image-removebg-preview-40.png 497w, https:\/\/n-nergy.com\/wp-content\/uploads\/2020\/10\/image-removebg-preview-40-300x139.png 300w\" sizes=\"auto, (max-width: 346px) 100vw, 346px\" \/><\/figure>\n\n\n\n<ul class=\"wp-block-list\"><li>Poros berlubang hingga \u00d8 17 mm, poros padat \u00d8 11 mm (pemasangan flensa)<\/li><li>Bantalan yang lebih besar untuk kapasitas bantalan beban yang lebih besar<\/li><li>600, 1024, 2048, 4096 pulsa HTL \/ TTL, lainnya berdasarkan permintaan<\/li><li>Opsi: Output tambahan kedua, pemancar FOC, sakelar kecepatan berlebih tambahan<\/li><\/ul>\n\n\n\n<p>Encoder tambahan FG 2 (poros padat) dan FGHJ 2 (poros berlubang) memastikan kecepatan penggerak standar, tambahan, dan sekunder diukur dengan andal. Saat memasang dengan kopling terisolasi (poros padat) atau bantalan hibrida isolasi (poros berlubang), mereka melindungi drivetrain dari arus poros yang merusak. Ketersediaan jangka pendek dan opsi tambahan memastikannya dapat diterapkan di berbagai aplikasi dan juga cocok sebagai solusi pengganti sederhana untuk pembuat encoder yang dipasok oleh produsen pihak ketiga. Kotak terminal aksial menawarkan ruang yang cukup untuk pemasangan kabel langsung. Konektor plug-in dirancang tahan getaran untuk memastikan ini secara permanen aman bahkan dalam kondisi ekstrim.<\/p>\n\n\n\n<h3 class=\"wp-block-heading\">Spesifikasi<\/h3>\n\n\n\n<figure class=\"wp-block-table is-style-regular\"><table class=\"has-fixed-layout\"><tbody><tr><td><strong><strong><strong>Tegangan suplai<\/strong><\/strong><\/strong><\/td><td>12-30 VDC<\/td><\/tr><tr><td><strong><strong>Amplitudo sinyal<\/strong><\/strong><\/td><td>HTL atau TTL<\/td><\/tr><tr><td><strong><strong>Denyut nadi<\/strong><\/strong><\/td><td>600, 1024, 2048, 4096 &#8211; lainnya berdasarkan permintaan.<\/td><\/tr><tr><td><strong><strong>Sinyal keluaran<\/strong><\/strong><\/td><td>0 \u00b0, 90 \u00b0 dan sinyal terbalik<\/td><\/tr><tr><td><strong><strong>Frekuensi maksimum<\/strong><\/strong><\/td><td>-Poros padat: hingga 7000 rpm \/ 200 kHz<br>-Poros berlubang: hingga 6000 rpm \/ 200 kHz<\/td><\/tr><tr><td><strong><strong><strong>Sambungan listrik<\/strong><\/strong><\/strong><\/td><td>-Terminal strip dalam kotak terminal<br>-Kabel tetap (0,6 &#8211; 4 m)<br>-Plug-in koneksi ITT Cannon (konfigurasi pin kompatibel dengan perangkat yang sebanding dari produsen pihak ketiga setelah konsultasi)<br>-Pilihan: Set konektor kawin yang terdiri dari koneksi melingkar 90 \u00b0 dan kelenjar kabel EMC<br>-Konektor FOC di kotak terminal<\/td><\/tr><tr><td><strong><strong><strong>Jenis konstruksi \/ \u00d8 poros<\/strong><\/strong><\/strong><\/td><td>-Poros padat (B5) \/ \u00d8 11 mm dengan kunci bulu<br>-Poros berlubang (bantalan terisolasi) \/ \u00d8 12 mm, \u00d8 16 mm dengan penjepit, \u00d8 17 mm dengan lancip 1:10<\/td><\/tr><tr><td><strong><strong><strong>Rentang suhu perangkat<\/strong><\/strong><\/strong><\/td><td>-25 \u00b0C sampai +85 \u00b0C<\/td><\/tr><tr><td><strong><strong><strong>Tingkat perlindungan<\/strong><\/strong><\/strong><\/td><td>IP66<\/td><\/tr><tr><td><strong><strong>Berat<\/strong><\/strong><\/td><td>Kurang Lebih 2 kg<\/td><\/tr><tr><td><strong><strong><strong>Opsi perangkat<\/strong><\/strong><\/strong><\/td><td>-S: Sakelar overspeed elektronik; beralih kecepatan di setelkan dengan baik<br>-FOC: Transmisi sinyal melalui kabel serat optik 50\/125 \u03bcm atau 62.5 \/ 125 \u03bcm<br>-AKK: Sistem kedua dengan pemindai dan elektronik khusus untuk keluaran tambahan tambahan<\/td><\/tr><tr><td><strong><strong>Opsi mekanis<\/strong><\/strong><\/td><td>Perangkat poros berongga: Braket torsi (berdasarkan permintaan)<\/td><\/tr><tr><td><strong><strong>Fitur dan sertifikat khusus<\/strong><\/strong><\/td><td>UL\/CSA<\/td><\/tr><\/tbody><\/table><\/figure>\n\n\n\n<p><\/p>\n\n\n\n<div class=\"wp-block-buttons is-layout-flex wp-block-buttons-is-layout-flex\">\n<div class=\"wp-block-button\"><a class=\"wp-block-button__link\" href=\"https:\/\/n-nergy.com\/zh\/?page_id=5288\"><span class=\"uppercase\">KEMBALI KE ENCODER INKREMENTAL<\/span><\/a><\/div>\n<\/div>","protected":false},"excerpt":{"rendered":"<p>Poros berlubang hingga \u00d8 17 mm, poros padat \u00d8 11 mm (pemasangan flensa) Bantalan yang lebih besar untuk kapasitas bantalan beban yang lebih besar 600, 1024, 2048, 4096 pulsa HTL \/ TTL, lainnya berdasarkan permintaan Opsi: Output tambahan kedua, pemancar FOC, sakelar kecepatan berlebih tambahan Encoder tambahan FG 2 (poros padat) dan FGHJ 2 (poros &hellip; <a href=\"https:\/\/n-nergy.com\/zh\/home\/products\/hubner-encoder\/incremental-encoders\/fg-2-fghj-2-ind\/\" class=\"more-link\">Continue reading <span class=\"screen-reader-text\">FG 2\/FGHJ 2<\/span> <span class=\"meta-nav\">&rarr;<\/span><\/a><\/p>","protected":false},"author":1,"featured_media":6361,"parent":113,"menu_order":0,"comment_status":"closed","ping_status":"closed","template":"","meta":{"footnotes":""},"class_list":["post-5292","page","type-page","status-publish","has-post-thumbnail","hentry"],"aioseo_notices":[],"_links":{"self":[{"href":"https:\/\/n-nergy.com\/zh\/wp-json\/wp\/v2\/pages\/5292","targetHints":{"allow":["GET"]}}],"collection":[{"href":"https:\/\/n-nergy.com\/zh\/wp-json\/wp\/v2\/pages"}],"about":[{"href":"https:\/\/n-nergy.com\/zh\/wp-json\/wp\/v2\/types\/page"}],"author":[{"embeddable":true,"href":"https:\/\/n-nergy.com\/zh\/wp-json\/wp\/v2\/users\/1"}],"replies":[{"embeddable":true,"href":"https:\/\/n-nergy.com\/zh\/wp-json\/wp\/v2\/comments?post=5292"}],"version-history":[{"count":2,"href":"https:\/\/n-nergy.com\/zh\/wp-json\/wp\/v2\/pages\/5292\/revisions"}],"predecessor-version":[{"id":7239,"href":"https:\/\/n-nergy.com\/zh\/wp-json\/wp\/v2\/pages\/5292\/revisions\/7239"}],"up":[{"embeddable":true,"href":"https:\/\/n-nergy.com\/zh\/wp-json\/wp\/v2\/pages\/113"}],"wp:featuredmedia":[{"embeddable":true,"href":"https:\/\/n-nergy.com\/zh\/wp-json\/wp\/v2\/media\/6361"}],"wp:attachment":[{"href":"https:\/\/n-nergy.com\/zh\/wp-json\/wp\/v2\/media?parent=5292"}],"curies":[{"name":"wp","href":"https:\/\/api.w.org\/{rel}","templated":true}]}}