{"id":2425,"date":"2020-06-30T13:36:41","date_gmt":"2020-06-30T13:36:41","guid":{"rendered":"https:\/\/chloeong2807.wordpress.com\/?page_id=2425"},"modified":"2021-07-15T14:13:00","modified_gmt":"2021-07-15T13:13:00","slug":"fg-40-fghj-40","status":"publish","type":"page","link":"https:\/\/n-nergy.com\/zh\/home\/products\/hubner-encoder\/incremental-encoders\/fg-40-fghj-40\/","title":{"rendered":"FG\/FGH(J) 40"},"content":{"rendered":"<figure class=\"wp-block-image size-large is-resized is-style-default\"><img loading=\"lazy\" decoding=\"async\" src=\"http:\/\/n-nergy.com\/wp-content\/uploads\/2020\/10\/image-removebg-preview-2020-06-30T211916.919.png\" alt=\"\" class=\"wp-image-5927\" width=\"257\" height=\"216\" srcset=\"https:\/\/n-nergy.com\/wp-content\/uploads\/2020\/10\/image-removebg-preview-2020-06-30T211916.919.png 545w, https:\/\/n-nergy.com\/wp-content\/uploads\/2020\/10\/image-removebg-preview-2020-06-30T211916.919-300x252.png 300w, https:\/\/n-nergy.com\/wp-content\/uploads\/2020\/10\/image-removebg-preview-2020-06-30T211916.919-476x400.png 476w\" sizes=\"auto, (max-width: 257px) 100vw, 257px\" \/><\/figure>\n\n\n\n<ul class=\"wp-block-list\"><li>Hollow shafts up to \u00d8 20 mm, solid shafts up to \u00d8 14 mm (flange or foot mounting)<\/li><li>\u575a\u56fa\u7684\u8bbe\u8ba1\uff0c\u53ef\u4ee5\u8fde\u63a5\u5176\u4ed6\u7f16\u7801\u5668<\/li><li>\u591a\u8fbe1\u767e\u4e07\u4e2a\u8109\u51b2\u7684HTL \/ TTL\uff0c\u591a\u8fbe2500\u4e2a\u6b63\u5f26\u5468\u671f<\/li><li>\u9009\u9879\uff1a\u7b2c\u4e8c\u4fe1\u53f7\u8f93\u51fa, FOC\u53d1\u5c04\u5668   \uff0c\u9644\u52a0\u7684\u53ef\u7f16\u7a0b\u8d85\u901f\u5f00\u5173\uff0c\u6df7\u5408\u8f74\u627f\uff08FGHJ 40\uff09<\/li><\/ul>\n\n\n\n<figure class=\"wp-block-image size-large is-resized is-style-default\"><img loading=\"lazy\" decoding=\"async\" src=\"https:\/\/n-nergy.com\/wp-content\/uploads\/2020\/10\/image-removebg-preview-2020-06-30T212145.280.png\" alt=\"\" class=\"wp-image-6584\" width=\"537\" height=\"311\" srcset=\"https:\/\/n-nergy.com\/wp-content\/uploads\/2020\/10\/image-removebg-preview-2020-06-30T212145.280.png 656w, https:\/\/n-nergy.com\/wp-content\/uploads\/2020\/10\/image-removebg-preview-2020-06-30T212145.280-300x174.png 300w\" sizes=\"auto, (max-width: 537px) 100vw, 537px\" \/><\/figure>\n\n\n\n<p>\u589e\u91cf\u5f0f\u7f16\u7801\u5668FG 40(\u5b9e\u5fc3\u8f74)\/FGH(J)40(\u7a7a\u5fc3\u8f74)\u53ef\u5e7f\u6cdb\u5e94\u7528\u4e8e\u5404\u79cd\u5e94\u7528\u4e2d\uff0c\u4ee5\u6d4b\u91cf\u94a2\u5382\u3001\u8f67\u94a2\u5382\u3001\u91c7\u77ff\u4f5c\u4e1a\u4ee5\u53ca\u6e2f\u53e3\u548c\u8d77\u91cd\u673a\u7cfb\u7edf\u4e2d\u6807\u51c6\u9a71\u52a8\u5668\u3001\u8f85\u52a9\u9a71\u52a8\u5668\u548c\u4e8c\u6b21\u9a71\u52a8\u5668\u7684\u901f\u5ea6\u3002\u5f53\u4e0e\u9694\u79bb\u8054\u8f74\u5668(\u5b9e\u5fc3\u8f74)\u6216\u53ef\u9009\u62e9\u7684\u9694\u79bb\u6df7\u5408\u8f74\u627f(\u7a7a\u5fc3\u8f74)\u8fde\u63a5\u65f6\uff0c\u5b83\u4eec\u4fdd\u62a4\u4f20\u52a8\u7cfb\u514d\u53d7\u635f\u574f\u7684\u8f74\u7535\u6d41\u7684\u5f71\u54cd\u3002\u5b83\u4eec\u63d0\u4f9b\u4e86\u9ad8\u8d28\u91cf\u4fe1\u53f7\uff0c\u4ee5\u53ca\u5fc5\u8981\u65f6\u7684\u9ad8\u8109\u51b2\u901f\u7387\uff0c\u7528\u4e8e\u6574\u4e2a\u901f\u5ea6\u8303\u56f4\u5185\u7684\u52a8\u6001\u53cd\u9988\u63a7\u5236\u3002\u66f4\u7279\u522b\u7684\u662f\u575a\u56fa\u7684\u811a\u90e8\u7ed3\u6784\u4fbf\u4e8e\u5728\u7b2c\u4e8c\u8f74\u7aef\u5b89\u88c5\u66f4\u591a\u7684\u7f16\u7801\u5668\u3002<\/p>\n\n\n\n<h3 class=\"wp-block-heading\">\u89c4\u683c<\/h3>\n\n\n\n<figure class=\"wp-block-table is-style-regular\"><table class=\"has-fixed-layout\"><tbody><tr><td><strong>\u7535\u6e90\u7535\u538b<\/strong><\/td><td>12-30 VDC\uff085 VDC\u53ef\u9009\uff09<\/td><\/tr><tr><td><strong>\u4fe1\u53f7\u632f\u5e45<\/strong><\/td><td>HTL \u6216 TTL<br>Sin\/Cos<\/td><\/tr><tr><td><strong>\u8109\u51b2\u7387<\/strong><\/td><td class=\"translation-block\">-\u6807\u51c6\u8109\u51b2\u7387 HTL \/ TTL\uff1a500\u3001600\u30011000\u30011024\u30011200\u30011300\u30012000\u30012048\u30012400\u30012500 <br>-\u7279\u6b8a\u8109\u51b2\u7387 HTL \/ TTL\uff1a4000\u30014096\u30014800\u30015000\u30018192\u300110000\uff0c 12000\u300116000\u300116384\u300120000\u300125000\u300140000\u300150000\uff0c\u6700\u9ad8100\u4e07-\u6807\u51c6\u8109\u51b2\u7387 Sin \/ Cos\uff1a500\u3001600\u30011000\u30011024\u30011200\u30011300\u30012500<\/td><\/tr><tr><td><strong>\u8f93\u51fa\u4fe1\u53f7<\/strong><\/td><td>0\u00b0, 90\u00b0, status and inverted signals<\/td><\/tr><tr><td><strong>\u6700\u5927\u9891\u7387<\/strong><\/td><td class=\"translation-block\">-\u5b9e\u5fc3\u8f74\uff1a\u6700\u9ad86000 rpm \/ 200 kHz <br>-\u7a7a\u5fc3\u8f74\uff1a\u6700\u9ad84000 rpm \/ 200 kHz<\/td><\/tr><tr><td><strong>\u7535\u6c14\u8fde\u63a5<\/strong><\/td><td class=\"translation-block\">-\u63a5\u7ebf\u76d2\u4e2d\u7684\u7aef\u5b50\u6392<br>-\u56fa\u5b9a\u7535\u7f06<br> -12\u82af\u5706\u5f62\u8fde\u63a5\u5668Burndy <br> -15\u82af\u5de5\u4e1a\u8fde\u63a5\u5668<br>-\u63a5\u7ebf\u76d2\u4e2d\u7684FOC\u8fde\u63a5\u5668<\/td><\/tr><tr><td><strong>Construction type \/ \u00d8 shafts<\/strong><\/td><td>-Solid shaft (B5, B35) \/ \u00d8 11 mm, \u00d8 14 mm with feather key<br>-Hollow shaft \/ \u00d8 16 mm, \u00d8 19 mm, \u00d8 20 mm with keyway; \u00d8 16 mm, \u00d8 25 mm with clamp<\/td><\/tr><tr><td><strong>\u8bbe\u5907\u6e29\u5ea6\u8303\u56f4<\/strong><\/td><td>0 \u00b0C to +70 \u00b0C<br>-25 \u00b0C to +85 \u00b0C<br>-40 \u00b0C to +85 \u00b0C<br>-5 \u00b0C to +100 \u00b0C<\/td><\/tr><tr><td><strong>\u9632\u62a4\u7b49\u7ea7<\/strong><\/td><td>\u6700\u9ad8\u53ef\u8fbe IP66\/ IP67<\/td><\/tr><tr><td><strong>\u91cd\u91cf<\/strong><\/td><td>\u5927\u7ea6 3.5\u516c\u65a4<\/td><\/tr><tr><td><strong>\u8bbe\u5907\u9009\u9879<\/strong><\/td><td class=\"translation-block\">-\u5197\u4f59\u589e\u91cf\u8f93\u51fa<br> -S\uff1a\u5177\u6709\u4e24\u4e2a\u76f8\u4e92\u72ec\u7acb\u7684\u53ef\u7f16\u7a0b\u5f00\u5173\u70b9\u7684\u7535\u5b50\u8d85\u901f\u5f00\u5173\u3002<br> -FOC\uff1a\u4f5c\u4e3a\u901a\u8fc7\u94dc\u7f06\u4f20\u8f93\u5e38\u89c4\u4fe1\u53f7\u7684\u66ff\u4ee3\u65b9\u6cd5\uff0c\u4e5f\u53ef\u4ee5\u901a\u8fc7\u5149\u7ea4\u4f20\u8f93\u7f16\u7801\u5668\u4fe1\u53f7\u7535\u7f06\u3002 <br> -N\uff1a\u673a\u68b0\u56fa\u5b9a\u7684\u53c2\u8003\u8109\u51b2\uff08N\uff09\uff0c\u6bcf\u8f6c\u4e00\u4e2a\u65b9\u6ce2\u8109\u51b2\uff0c\u4fe1\u53f7\u53cd\u76f8\u3002 <br> -2F\uff1a\u901a\u8fc7\u7ec4\u5408 0\u00b0 \u548c 90\u00b0 \u78c1\u9053\uff0c\u5c06\u57fa\u672c\u78c1\u9053\u8109\u51b2\u589e\u52a0\u4e24\u500d\u3002-B\uff1a\u5728 0\u00b0 \u548c 90\u00b0 \u78c1\u9053\u7684\u6bcf\u4e2a\u8fb9\u7f18\u5feb\u901f\u611f\u5e94\u65cb\u8f6c\u65b9\u5411\u3002 <br> -B2\uff1a\u5728 0\u00b0 \u548c 90\u00b0 \u8f68\u9053\u7684\u6bcf\u4e2a\u8fb9\u7f18\u5904\u5feb\u901f\u611f\u5e94\u65cb\u8f6c\u65b9\u5411\uff1b <br> -B3\uff1a\u4e0e\u65cb\u8f6c\u65b9\u5411\u6709\u5173\u7684\u8f93\u51fa\u4fe1\u53f7\u3002\u8be5\u9009\u4ef6\u652f\u6301\u5e26\u6709\u5355\u72ec\u7684 \u4e0a\/\u4e0b\u8109\u51b2\u8f93\u5165\u7684\u8ba1\u6570\u5668\u5361\u3002\u57fa\u672c\u8f68\u9053\u4fe1\u53f7\u5728\u987a\u65f6\u9488\u65cb\u8f6c\u65f6\u5728\u53ef\u9009\u8f93\u51fa1\u5904\u53d1\u51fa\uff0c\u5728\u9006\u65f6\u9488\u65cb\u8f6c\u65f6\u5728\u53ef\u9009\u8f93\u51fa 2 \u5904\u53d1\u51fa\u3002<br> -SH\uff1a1 Vpp \u4fe1\u53f7sin\uff0ccos\uff0c\u53c2\u8003\u8109\u51b2\u3002\u72b6\u6001\u4e3aHTL\u4fe1\u53f7;\u6240\u6709\u4fe1\u53f7\u5747\u5e26\u6709\u5404\u81ea\u7684\u53cd\u76f8\u4fe1\u53f7\u3002-ST\uff1a1 Vpp \u4fe1\u53f7sin\uff0ccos\uff0c\u53c2\u8003\u8109\u51b2\u3002\u72b6\u6001\u4e3aTTL\u4fe1\u53f7;\u6240\u6709\u4fe1\u53f7\u5747\u5e26\u6709\u5404\u81ea\u7684\u53cd\u76f8\u4fe1\u53f7\u3002<\/td><\/tr><tr><td><strong>\u673a\u68b0\u9009\u9879<\/strong><\/td><td class=\"translation-block\">-\u7b2c\u4e8c\u4e2a\u8f74\u7aef\uff0c\u5e26B14\u6cd5\u5170\uff0c\u7528\u4e8e\u9644\u4ef6\uff08\u4ec5\u5b9e\u5fc3\u8f74\u7ed3\u6784\u7c7b\u578b\uff09<br>-\u9644\u52a0\u811a\uff08\u4ec5\u5b9e\u5fc3\u8f74\u7ed3\u6784\u7c7b\u578b\uff09<br>-\u9694\u79bb\u7403\u8f74\u627f\uff08\u4ec5\u7a7a\u5fc3\u8f74\u7ed3\u6784\u7c7b\u578b\uff09<br> -MI \u73af\u5883<br> -MS\uff1a\u8f67\u673a\u4e2d\u7684\u6f6e\u6e7f\u533a\u57df<br>-\u7a7a\u5fc3\u8f74\u88c5\u7f6e\uff1a\u626d\u77e9\u652f\u67b6\uff08\u6839\u636e\u8981\u6c42\uff09<\/td><\/tr><tr><td><strong>\u7279\u6b8a\u529f\u80fd\u548c\u8bc1\u4e66<\/strong><\/td><td>UL\/CSA<\/td><\/tr><\/tbody><\/table><\/figure>\n\n\n\n<p><\/p>\n\n\n\n<div class=\"wp-block-buttons is-layout-flex wp-block-buttons-is-layout-flex\">\n<div class=\"wp-block-button\"><a class=\"wp-block-button__link\" href=\"https:\/\/n-nergy.com\/zh\/?page_id=113\"><span class=\"uppercase\">\u8fd4\u56de\u589e\u91cf\u7f16\u7801\u5668\u9875\u9762<\/span><\/a><\/div>\n<\/div>","protected":false},"excerpt":{"rendered":"<p>Hollow shafts up to \u00d8 20 mm, solid shafts up to \u00d8 14 mm (flange or foot mounting) Robust design, other encoder can be attached Up to 1 million pulses HTL \/ TTL, up to 2500 sine periods Options: Second signal output, FOC transmitter, additional programmable overspeed switch, hybrid bearing (FGHJ 40) The incremental encoder &hellip; <a href=\"https:\/\/n-nergy.com\/zh\/home\/products\/hubner-encoder\/incremental-encoders\/fg-40-fghj-40\/\" class=\"more-link\">Continue reading <span class=\"screen-reader-text\">FG\/FGH(J) 40<\/span> <span class=\"meta-nav\">&rarr;<\/span><\/a><\/p>","protected":false},"author":1,"featured_media":6585,"parent":113,"menu_order":0,"comment_status":"closed","ping_status":"closed","template":"","meta":{"footnotes":""},"class_list":["post-2425","page","type-page","status-publish","has-post-thumbnail","hentry"],"aioseo_notices":[],"_links":{"self":[{"href":"https:\/\/n-nergy.com\/zh\/wp-json\/wp\/v2\/pages\/2425","targetHints":{"allow":["GET"]}}],"collection":[{"href":"https:\/\/n-nergy.com\/zh\/wp-json\/wp\/v2\/pages"}],"about":[{"href":"https:\/\/n-nergy.com\/zh\/wp-json\/wp\/v2\/types\/page"}],"author":[{"embeddable":true,"href":"https:\/\/n-nergy.com\/zh\/wp-json\/wp\/v2\/users\/1"}],"replies":[{"embeddable":true,"href":"https:\/\/n-nergy.com\/zh\/wp-json\/wp\/v2\/comments?post=2425"}],"version-history":[{"count":2,"href":"https:\/\/n-nergy.com\/zh\/wp-json\/wp\/v2\/pages\/2425\/revisions"}],"predecessor-version":[{"id":6586,"href":"https:\/\/n-nergy.com\/zh\/wp-json\/wp\/v2\/pages\/2425\/revisions\/6586"}],"up":[{"embeddable":true,"href":"https:\/\/n-nergy.com\/zh\/wp-json\/wp\/v2\/pages\/113"}],"wp:featuredmedia":[{"embeddable":true,"href":"https:\/\/n-nergy.com\/zh\/wp-json\/wp\/v2\/media\/6585"}],"wp:attachment":[{"href":"https:\/\/n-nergy.com\/zh\/wp-json\/wp\/v2\/media?parent=2425"}],"curies":[{"name":"wp","href":"https:\/\/api.w.org\/{rel}","templated":true}]}}