{"id":1446,"date":"2020-06-16T17:52:11","date_gmt":"2020-06-16T17:52:11","guid":{"rendered":"https:\/\/chloeong2807.wordpress.com\/?page_id=1446"},"modified":"2021-07-15T06:17:51","modified_gmt":"2021-07-15T05:17:51","slug":"egs-2-egshj-2","status":"publish","type":"page","link":"https:\/\/n-nergy.com\/zh\/home\/products\/hubner-encoder\/egs-2-egshj-2\/","title":{"rendered":"EGS 2 \/ EGSHJ 2"},"content":{"rendered":"<figure class=\"wp-block-image size-large is-resized\"><img loading=\"lazy\" decoding=\"async\" src=\"http:\/\/n-nergy.com\/wp-content\/uploads\/2020\/10\/image-removebg-preview-50.png\" alt=\"\" class=\"wp-image-5941\" width=\"363\" height=\"170\" srcset=\"https:\/\/n-nergy.com\/wp-content\/uploads\/2020\/10\/image-removebg-preview-50.png 512w, https:\/\/n-nergy.com\/wp-content\/uploads\/2020\/10\/image-removebg-preview-50-300x141.png 300w\" sizes=\"auto, (max-width: 363px) 100vw, 363px\" \/><\/figure>\n\n\n\n<h4 class=\"wp-block-heading\">\u4ea7\u54c1\u7c7b\u578b<\/h4>\n\n\n\n<p>\u5b9e\u5fc3\u8f74(\u6cd5\u5170)\uff0c\u7a7a\u5fc3\u8f74<\/p>\n\n\n\n<h4 class=\"wp-block-heading\">\u8f93\u51fa\u4fe1\u53f7\/\u63a5\u53e3<\/h4>\n\n\n\n<p>\u5f00\u5173\u8f93\u51fa\u901f\u5ea6<\/p>\n\n\n\n<ul class=\"wp-block-list\"><li>\u76d1\u89c6\u8d85\u901f\u548c\u505c\u987f<\/li><li>Hollow shafts (isolated ball bearings) up to \u00d8 17 mm, solid shaft \u00d8 11 mm (flange mounting)<\/li><li>\u65e0\u78e8\u635f\u534a\u5bfc\u4f53\u5f00\u5173(\u65e0\u63a5\u89e6)\uff1a\u4e00\u4e2a\u5f00\u5173\u8f93\u51fa\u88c5\u7f6eEX\u5de5\u4f5c<\/li><li>\u5f00\u5173\u5bb9\u91cf\u53ef\u8fbe30 VDC\u548c0.5 A<\/li><\/ul>\n\n\n\n<h4 class=\"wp-block-heading\">\u9884\u7f6e\u901f\u5ea6\u76d1\u89c6\u5668<\/h4>\n\n\n\n<p>\u7535\u5b50\u901f\u5ea6\u5f00\u5173\u76d1\u63a7\u5de5\u5382\u8bbe\u5b9a\u7684\u901f\u5ea6\uff0c\u5177\u6709\u8f83\u9ad8\u7684\u5f00\u5173\u7cbe\u5ea6\uff0c\u5305\u62ec\u8f83\u4f4e\u7684\u8fd0\u884c\u901f\u5ea6.\u6216\u8005\uff0c\u5b83\u4eec\u53ef\u4ee5\u7528\u4f5c\u505c\u987f\u76d1\u89c6\u5668\u3002\u56e0\u6b64\uff0c\u901f\u5ea6\u5f00\u5173\u5728\u7cfb\u7edf\u548c\u4eba\u5458\u4fdd\u62a4\u4e2d\u8d77\u7740\u91cd\u8981\u7684\u4f5c\u7528\u3002\u5b83\u4eec\u5b89\u88c5\u5728\u7535\u673a\u4e0a\uff0c\u4f8b\u5982\u8d77\u91cd\u673a\u3001\u91c7\u77ff\u4f5c\u4e1a\u4ee5\u53ca\u8f67\u94a2\u5382\u7b49\u3002<\/p>\n\n\n\n<h4 class=\"wp-block-heading\">\u89c4\u683c<\/h4>\n\n\n\n<figure class=\"wp-block-table is-style-regular\"><table class=\"has-fixed-layout\"><tbody><tr><td>\u7535\u6e90\u7535\u538b<\/td><td>12-30 VDC<\/td><\/tr><tr><td>\u5f00\u5173\u6570\u91cf<\/td><td>1<\/td><\/tr><tr><td>\u5f00\u5173\u7535\u538b<\/td><td>0-30 VDC<\/td><\/tr><tr><td>\u5f00\u5173\u901f\u5ea6\u8303\u56f4<\/td><td>1-6300\u8f6c\/\u5206\u5e26\u5b9e\u5fc3\u8f74<br>1-5400\u8f6c\/\u5206\u5e26\u7a7a\u5fc3\u8f74<\/td><\/tr><tr><td>\u5f00\u5173\u529f\u80fd<\/td><td>&#8211; Speed monitoring: Opens when switching speed exceeded<br>&#8211; Standstill monitoring: Opens when angle of rotation is altered<br>&#8211; Switching points set ex-works<\/td><\/tr><tr><td>\u6700\u5927\u8f6c\u6570<\/td><td>\u5e26\u5b9e\u5fc3\u8f74\u7684\u8f6c\u901f\u9ad8\u8fbe7000\u8f6c<br>\u5e26\u7a7a\u5fc3\u8f74\u7684\u8f6c\u901f\u53ef\u8fbe6000\u8f6c<\/td><\/tr><tr><td>\u7535\u6c14\u8fde\u63a5<\/td><td>&#8211; Terminal strip in a terminal box<br>&#8211; Fixed cable (0.6-3 m)<\/td><\/tr><tr><td>Construction type \/ \u00d8 shafts<\/td><td>&#8211; Solid shaft (B5) \/ \u00d8 11 mm with feather key<br>&#8211; Hollow shaft (isolated bearings) \/ \u00d8 12 mm, \u00d8 16 mm with clamp, \u00d8 17 mm with taper 1:10<\/td><\/tr><tr><td>\u8bbe\u5907\u6e29\u5ea6\u8303\u56f4<\/td><td>-25 \u00b0C to + 85 \u00b0C<\/td><\/tr><tr><td>\u9632\u62a4\u7b49\u7ea7<\/td><td>IP66<\/td><\/tr><tr><td>\u91cd\u91cf<\/td><td>\u5927\u7ea6 2\u516c\u65a4<\/td><\/tr><tr><td>\u8bbe\u5907\u9009\u9879<\/td><td>\u589e\u91cf\u8f93\u51fa:\u53c2\u89c1\u5e26\u6709\u9009\u9879S\u7684FG 2<\/td><\/tr><tr><td>\u673a\u68b0\u9009\u9879<\/td><td>\u7a7a\u5fc3\u8f74\u88c5\u7f6e\uff1a\u626d\u77e9\u652f\u67b6\uff08\u6839\u636e\u8981\u6c42\uff09<\/td><\/tr><tr><td>\u7279\u6b8a\u529f\u80fd\u548c\u8bc1\u4e66<\/td><td>UL\/CSA<\/td><\/tr><\/tbody><\/table><\/figure>\n\n\n\n<p><\/p>\n\n\n\n<div class=\"wp-block-buttons is-layout-flex wp-block-buttons-is-layout-flex\">\n<div class=\"wp-block-button\"><a class=\"wp-block-button__link\" href=\"http:\/\/n-nergy.com\/zh\/home\/products\/encoders\/overspeed-switches-2\/\"><strong><span class=\"uppercase\">\u8fd4\u56de\u5230\u8d85\u901f\u5f00\u5173\u9875\u9762<\/span><\/strong><\/a><\/div>\n<\/div>","protected":false},"excerpt":{"rendered":"<p>Construction type Solid shaft (flange), Hollow shaft Output signals \/ Interfaces Switch output speed Monitors overspeed and standstill Hollow shafts (isolated ball bearings) up to \u00d8 17 mm, solid shaft \u00d8 11 mm (flange mounting) Nonwearing semi-conductor switch (NO contact): one switching output set ex works Switching capacity up to 30 VDC and 0.5 A &hellip; <a href=\"https:\/\/n-nergy.com\/zh\/home\/products\/hubner-encoder\/egs-2-egshj-2\/\" class=\"more-link\">Continue reading <span class=\"screen-reader-text\">EGS 2 \/ EGSHJ 2<\/span> <span class=\"meta-nav\">&rarr;<\/span><\/a><\/p>","protected":false},"author":1,"featured_media":6361,"parent":71,"menu_order":0,"comment_status":"closed","ping_status":"closed","template":"","meta":{"footnotes":""},"class_list":["post-1446","page","type-page","status-publish","has-post-thumbnail","hentry"],"aioseo_notices":[],"_links":{"self":[{"href":"https:\/\/n-nergy.com\/zh\/wp-json\/wp\/v2\/pages\/1446","targetHints":{"allow":["GET"]}}],"collection":[{"href":"https:\/\/n-nergy.com\/zh\/wp-json\/wp\/v2\/pages"}],"about":[{"href":"https:\/\/n-nergy.com\/zh\/wp-json\/wp\/v2\/types\/page"}],"author":[{"embeddable":true,"href":"https:\/\/n-nergy.com\/zh\/wp-json\/wp\/v2\/users\/1"}],"replies":[{"embeddable":true,"href":"https:\/\/n-nergy.com\/zh\/wp-json\/wp\/v2\/comments?post=1446"}],"version-history":[{"count":2,"href":"https:\/\/n-nergy.com\/zh\/wp-json\/wp\/v2\/pages\/1446\/revisions"}],"predecessor-version":[{"id":6394,"href":"https:\/\/n-nergy.com\/zh\/wp-json\/wp\/v2\/pages\/1446\/revisions\/6394"}],"up":[{"embeddable":true,"href":"https:\/\/n-nergy.com\/zh\/wp-json\/wp\/v2\/pages\/71"}],"wp:featuredmedia":[{"embeddable":true,"href":"https:\/\/n-nergy.com\/zh\/wp-json\/wp\/v2\/media\/6361"}],"wp:attachment":[{"href":"https:\/\/n-nergy.com\/zh\/wp-json\/wp\/v2\/media?parent=1446"}],"curies":[{"name":"wp","href":"https:\/\/api.w.org\/{rel}","templated":true}]}}