{"id":1437,"date":"2020-06-16T17:45:03","date_gmt":"2020-06-16T17:45:03","guid":{"rendered":"https:\/\/chloeong2807.wordpress.com\/?page_id=1437"},"modified":"2021-07-15T06:17:11","modified_gmt":"2021-07-15T05:17:11","slug":"egs-41-sil-2-egshj-41-sil-2","status":"publish","type":"page","link":"https:\/\/n-nergy.com\/zh\/home\/products\/hubner-encoder\/egs-41-sil-2-egshj-41-sil-2\/","title":{"rendered":"EGS \/ EGSH(J) 41 SIL 2"},"content":{"rendered":"<figure class=\"wp-block-image size-large is-resized is-style-rounded\"><img loading=\"lazy\" decoding=\"async\" src=\"http:\/\/n-nergy.com\/wp-content\/uploads\/2020\/10\/image-removebg-preview-48.png\" alt=\"\" class=\"wp-image-5940\" width=\"401\" height=\"207\" srcset=\"https:\/\/n-nergy.com\/wp-content\/uploads\/2020\/10\/image-removebg-preview-48.png 568w, https:\/\/n-nergy.com\/wp-content\/uploads\/2020\/10\/image-removebg-preview-48-300x155.png 300w\" sizes=\"auto, (max-width: 401px) 100vw, 401px\" \/><\/figure>\n\n\n\n<h4 class=\"wp-block-heading\">\u4ea7\u54c1\u7c7b\u578b<\/h4>\n\n\n\n<p>\u5b9e\u5fc3\u8f74(\u6cd5\u5170), \u5b9e\u5fc3\u8f74(\u6cd5\u5170\/\u5e95\u811a), \u7a7a\u5fc3\u8f74\u3002<\/p>\n\n\n\n<h4 class=\"wp-block-heading\">\u8f93\u51fa\u4fe1\u53f7\/\u63a5\u53e3<\/h4>\n\n\n\n<p>\u5f00\u5173\u8f93\u51fa\u901f\u5ea6<\/p>\n\n\n\n<ul class=\"wp-block-list\"><li>\u5b89\u5168\u7efc\u5408\u901f\u5ea6\u76d1\u6d4b(\u53ef\u7f16\u7a0b)<\/li><li>Hollow shafts up to \u00d8 20 mm, solid shafts up to \u00d8 14 mm (flange or foot mounting)<\/li><li>\u65e0\u78e8\u635f\u534a\u5bfc\u4f53\u5f00\u5173(\u65e0\u63a5\u89e6)\uff1a\u6700\u591a\u53ef\u7f16\u7a0b\/\u6700\u591a2\u4e2a\u8bca\u65ad<\/li><li>\u9009\u62e9\uff1a\u9694\u79bb\u7403\u8f74\u627f(\u7a7a\u5fc3\u8f74)\uff0c\u9644\u52a0\u589e\u91cf\u8f93\u51fa\uff0c\u53ef\u9644\u52a0\u7f16\u7801\u5668<\/li><\/ul>\n\n\n\n<h4 class=\"wp-block-heading\">\u96c6\u6210\u5b89\u5168\u7684\u53ef\u7f16\u7a0b\u901f\u5ea6\u76d1\u6d4b\u5668<\/h4>\n\n\n\n<figure class=\"wp-block-image size-large is-resized\"><img loading=\"lazy\" decoding=\"async\" src=\"https:\/\/n-nergy.com\/wp-content\/uploads\/2020\/10\/image-removebg-preview-49.png\" alt=\"\" class=\"wp-image-6390\" width=\"550\" height=\"454\" srcset=\"https:\/\/n-nergy.com\/wp-content\/uploads\/2020\/10\/image-removebg-preview-49.png 550w, https:\/\/n-nergy.com\/wp-content\/uploads\/2020\/10\/image-removebg-preview-49-300x248.png 300w, https:\/\/n-nergy.com\/wp-content\/uploads\/2020\/10\/image-removebg-preview-49-485x400.png 485w\" sizes=\"auto, (max-width: 550px) 100vw, 550px\" \/><\/figure>\n\n\n\n<p>\u7535\u5b50\u8d85\u901f\u5f00\u5173\u76d1\u63a7\u591a\u8fbe\u56db\u4e2a\u53ef\u7f16\u7a0b\u901f\u5ea6\u8303\u56f4(\u8d85\u901f\u3001\u51cf\u901f\u548c\u505c\u987f)\uff0c\u5177\u6709\u8f83\u9ad8\u7684\u5207\u6362\u7cbe\u5ea6\uff0c\u5305\u62ec\u5728\u4f4e\u8fd0\u884c\u901f\u5ea6\u4e0b\u3002\u5b83\u4eec\u7684\u5b89\u5168\u5e94\u7528\u53ef\u8fbeSIL 2\/PL d\u3002\u5982\u679c\u7a0b\u5e8f\u901f\u5ea6\u8d85\u8fc7\u6216\u8fc7\u4f4e\uff0c\u5219\u76f8\u5e94\u7684\u5f00\u5173\u8f93\u51fa\u5f00\u5173\u3002\u56e0\u6b64\uff0c\u901f\u5ea6\u5f00\u5173\u5728\u7cfb\u7edf\u548c\u4eba\u5458\u4fdd\u62a4\u4e2d\u8d77\u7740\u91cd\u8981\u7684\u4f5c\u7528\u3002\u5b83\u4eec\u5b89\u88c5\u5728\u8d77\u91cd\u673a\u4e0a\u7684\u9a6c\u8fbe\u4e0a\uff0c\u5728\u91c7\u77ff\u4f5c\u4e1a\u4e2d\uff0c\u4ee5\u53ca\u5728\u8f67\u94a2\u5382\u7b49\u7b49\u3002\u5f53\u4ea4\u6362\u8bbe\u5907\u65f6\uff0c\u53ef\u4ee5\u5c06\u5148\u524d\u5b58\u50a8\u5728\u7b2c\u4e00\u8bbe\u5907\u4e0a\u7684\u53c2\u6570\u4f20\u8f93\u5230\u65b0\u8bbe\u5907\u3002<\/p>\n\n\n\n<h4 class=\"wp-block-heading\">\u89c4\u683c<\/h4>\n\n\n\n<figure class=\"wp-block-table is-style-regular\"><table class=\"has-fixed-layout\"><tbody><tr><td>\u7535\u6e90\u7535\u538b<\/td><td>12-30\u4f0f\u76f4\u6d41\u6216100-240\u4f0f\u4ea4\u6d41<\/td><\/tr><tr><td>\u5f00\u5173\u6570\u91cf<\/td><td>2 or 4<\/td><\/tr><tr><td>\u5f00\u5173\u7535\u538b<\/td><td>0-30\u4f0f\u76f4\u6d41\u7535\u621630-230\u4f0f\u4ea4\u6d41\/\u76f4\u6d41\u7535<\/td><\/tr><tr><td>\u5f00\u5173\u901f\u5ea6\u8303\u56f4<\/td><td>0.5-5400\u8f6c\u5e26\u5b9e\u5fc3\u8f74<br>0.5-3600\u8f6c\u5e26\u7a7a\u5fc3\u8f74<\/td><\/tr><tr><td>\u5f00\u5173\u529f\u80fd<\/td><td>&#8211; Speed monitoring: Opens when switching speed exceeded or fallen below<br>&#8211; Additional functions: Direction of rotation switch, switching hysteresis (min. 10%), switching delay (0-300 ms), \u2026<br>&#8211; Programming via the selected switching speed range (interface: Mini USB)<\/td><\/tr><tr><td>\u6700\u5927\u8f6c\u6570<\/td><td>\u5e26\u5b9e\u5fc3\u8f74\u7684\u8f6c\u901f\u53ef\u8fbe6000\u8f6c<br>\u5e26\u7a7a\u5fc3\u8f74\u7684\u8f6c\u901f\u53ef\u8fbe4000\u8f6c<\/td><\/tr><tr><td>\u7535\u6c14\u8fde\u63a5<\/td><td>&#8211; Terminal strip in a terminal box<br>&#8211; Fixed cable<\/td><\/tr><tr><td>Construction type \/ \u00d8 shafts<\/td><td>&#8211; Solid shaft (B5, B35) \/ \u00d8 11 mm, \u00d8 14 mm with feather key<br>&#8211; Hollow shaft \/ \u00d8 16 mm, \u00d8 19 mm, \u00d8 20 mm with keyway<\/td><\/tr><tr><td>\u8bbe\u5907\u6e29\u5ea6\u8303\u56f4<\/td><td>-25 \u00b0C to&nbsp;+85 \u00b0C<\/td><\/tr><tr><td>\u9632\u62a4\u7b49\u7ea7<\/td><td>\u6700\u9ad8\u53ef\u8fbe IP66\/ IP67<\/td><\/tr><tr><td>\u91cd\u91cf<\/td><td>\u5927\u7ea6 3.5\u516c\u65a4<\/td><\/tr><tr><td>\u8bbe\u5907\u9009\u9879<\/td><td>\u4e0e\u9644\u52a0\u7684\u96c6\u6210FG 40<\/td><\/tr><tr><td>\u673a\u68b0\u9009\u9879<\/td><td>&#8211; Second shaft end with B14 flange for attachments (solid shaft construction type only)<br>&#8211; Additional foot (solid shaft construction type only)<br>&#8211; Isolated ball bearing (hollow shaft construction type only)<br>&#8211; MI: Saliferous environment<br>&#8211; Hollow shaft devices: Torque bracket (on request)<\/td><\/tr><tr><td>\u7279\u6b8a\u529f\u80fd\u548c\u8bc1\u4e66<\/td><td>SIL 2 (IEC 61508) \/ PL d (DIN EN ISO 13849)UL\/CSA (for all devices with connection technology &#8220;Terminal strip in a terminal box&#8221; and up to 30 V supply voltage\/switching voltage)<\/td><\/tr><\/tbody><\/table><\/figure>\n\n\n\n<p><\/p>\n\n\n\n<div class=\"wp-block-buttons is-layout-flex wp-block-buttons-is-layout-flex\">\n<div class=\"wp-block-button\"><a class=\"wp-block-button__link\" href=\"http:\/\/n-nergy.com\/zh\/home\/products\/encoders\/overspeed-switches-2\/\"><strong><span class=\"uppercase\">\u8fd4\u56de\u5230\u8d85\u901f\u5f00\u5173\u9875\u9762<\/span><\/strong><\/a><\/div>\n<\/div>","protected":false},"excerpt":{"rendered":"<p>Construction type Solid shaft (flange), Solid shaft (flange \/ foot), Hollow shaft Output signals \/ Interfaces Switch output speed Safety integrated speed monitoring (programmable) Hollow shafts up to \u00d8 20 mm, solid shafts up to \u00d8 14 mm (flange or foot mounting) Nonwearing semi-conductor switch (NO contact): Up to 4 programmable \/ up to 2 &hellip; <a href=\"https:\/\/n-nergy.com\/zh\/home\/products\/hubner-encoder\/egs-41-sil-2-egshj-41-sil-2\/\" class=\"more-link\">Continue reading <span class=\"screen-reader-text\">EGS \/ EGSH(J) 41 SIL 2<\/span> <span class=\"meta-nav\">&rarr;<\/span><\/a><\/p>","protected":false},"author":1,"featured_media":6391,"parent":71,"menu_order":0,"comment_status":"closed","ping_status":"closed","template":"","meta":{"footnotes":""},"class_list":["post-1437","page","type-page","status-publish","has-post-thumbnail","hentry"],"aioseo_notices":[],"_links":{"self":[{"href":"https:\/\/n-nergy.com\/zh\/wp-json\/wp\/v2\/pages\/1437","targetHints":{"allow":["GET"]}}],"collection":[{"href":"https:\/\/n-nergy.com\/zh\/wp-json\/wp\/v2\/pages"}],"about":[{"href":"https:\/\/n-nergy.com\/zh\/wp-json\/wp\/v2\/types\/page"}],"author":[{"embeddable":true,"href":"https:\/\/n-nergy.com\/zh\/wp-json\/wp\/v2\/users\/1"}],"replies":[{"embeddable":true,"href":"https:\/\/n-nergy.com\/zh\/wp-json\/wp\/v2\/comments?post=1437"}],"version-history":[{"count":1,"href":"https:\/\/n-nergy.com\/zh\/wp-json\/wp\/v2\/pages\/1437\/revisions"}],"predecessor-version":[{"id":6392,"href":"https:\/\/n-nergy.com\/zh\/wp-json\/wp\/v2\/pages\/1437\/revisions\/6392"}],"up":[{"embeddable":true,"href":"https:\/\/n-nergy.com\/zh\/wp-json\/wp\/v2\/pages\/71"}],"wp:featuredmedia":[{"embeddable":true,"href":"https:\/\/n-nergy.com\/zh\/wp-json\/wp\/v2\/media\/6391"}],"wp:attachment":[{"href":"https:\/\/n-nergy.com\/zh\/wp-json\/wp\/v2\/media?parent=1437"}],"curies":[{"name":"wp","href":"https:\/\/api.w.org\/{rel}","templated":true}]}}