{"id":1427,"date":"2020-06-16T17:35:17","date_gmt":"2020-06-16T17:35:17","guid":{"rendered":"https:\/\/chloeong2807.wordpress.com\/?page_id=1427"},"modified":"2021-07-15T06:17:19","modified_gmt":"2021-07-15T05:17:19","slug":"egs-40-egshj-40","status":"publish","type":"page","link":"https:\/\/n-nergy.com\/zh\/home\/products\/hubner-encoder\/overspeed-switches-2\/egs-40-egshj-40\/","title":{"rendered":"EGS 40 \/ EGSH(J) 40"},"content":{"rendered":"<figure class=\"wp-block-image size-large is-resized\"><img loading=\"lazy\" decoding=\"async\" src=\"http:\/\/n-nergy.com\/wp-content\/uploads\/2020\/10\/image-removebg-preview-37.png\" alt=\"\" class=\"wp-image-5939\" width=\"415\" height=\"194\" srcset=\"https:\/\/n-nergy.com\/wp-content\/uploads\/2020\/10\/image-removebg-preview-37.png 431w, https:\/\/n-nergy.com\/wp-content\/uploads\/2020\/10\/image-removebg-preview-37-300x141.png 300w\" sizes=\"auto, (max-width: 415px) 100vw, 415px\" \/><\/figure>\n\n\n\n<h4 class=\"wp-block-heading\">\u4ea7\u54c1\u7c7b\u578b<\/h4>\n\n\n\n<p>\u5b9e\u5fc3\u8f74(\u6cd5\u5170), \u5b9e\u5fc3\u8f74(\u6cd5\u5170\/\u5e95\u811a), \u7a7a\u5fc3\u8f74\u3002<\/p>\n\n\n\n<h4 class=\"wp-block-heading\">\u8f93\u51fa\u4fe1\u53f7\/\u63a5\u53e3<\/h4>\n\n\n\n<p>\u5f00\u5173\u8f93\u51fa\u901f\u5ea6<\/p>\n\n\n\n<ul class=\"wp-block-list\"><li>\u76d1\u63a7\u8d85\u901f\u548c\u51cf\u901f(\u53ef\u7f16\u7a0b)<\/li><li>Hollow shafts up to \u00d8 25 mm, solid shafts up to \u00d8 14 mm (flange or foot mounting)<\/li><li>\u7ee7\u7535\u5668\u63a5\u89e6\/\u5f00\u5173\u8f93\u51fa\uff1a\u6700\u591a4\u4e2a\u53ef\u7f16\u7a0b\/\u6700\u591a2\u4e2a\u8bca\u65ad<\/li><li>\u9009\u62e9\uff1a\u9694\u79bb\u7403\u8f74\u627f(\u7a7a\u5fc3\u8f74)\uff0c\u9644\u52a0\u589e\u91cf\u8f93\u51fa\uff0c\u53ef\u9644\u52a0\u7f16\u7801\u5668<\/li><\/ul>\n\n\n\n<h4 class=\"wp-block-heading\">\u53ef\u7f16\u7a0b\u901f\u5ea6\u76d1\u89c6\u5668<\/h4>\n\n\n\n<figure class=\"wp-block-image size-large is-resized\"><img loading=\"lazy\" decoding=\"async\" src=\"https:\/\/n-nergy.com\/wp-content\/uploads\/2020\/10\/image-removebg-preview-47.png\" alt=\"\" class=\"wp-image-6388\" width=\"514\" height=\"485\" srcset=\"https:\/\/n-nergy.com\/wp-content\/uploads\/2020\/10\/image-removebg-preview-47.png 514w, https:\/\/n-nergy.com\/wp-content\/uploads\/2020\/10\/image-removebg-preview-47-300x283.png 300w, https:\/\/n-nergy.com\/wp-content\/uploads\/2020\/10\/image-removebg-preview-47-424x400.png 424w\" sizes=\"auto, (max-width: 514px) 100vw, 514px\" \/><\/figure>\n\n\n\n<p>\u7535\u5b50\u8d85\u901f\u5f00\u5173\u76d1\u63a7\u591a\u8fbe\u56db\u4e2a\u53ef\u7f16\u7a0b\u901f\u5ea6\u8303\u56f4(\u8d85\u901f\u3001\u51cf\u901f\u548c\u9759\u6b62)\uff0c\u5177\u6709\u8f83\u9ad8\u7684\u5207\u6362\u7cbe\u5ea6\uff0c\u5305\u62ec\u5728\u4f4e\u8fd0\u884c\u901f\u5ea6\u4e0b\u3002\u5982\u679c\u7a0b\u5e8f\u901f\u5ea6\u8d85\u8fc7\u6216\u8fc7\u4f4e\uff0c\u5219\u76f8\u5e94\u7684\u5f00\u5173\u8f93\u51fa\u5f00\u5173\u3002\u56e0\u6b64\uff0c\u901f\u5ea6\u5f00\u5173\u5728\u7cfb\u7edf\u548c\u4eba\u5458\u4fdd\u62a4\u4e2d\u8d77\u7740\u91cd\u8981\u7684\u4f5c\u7528\u3002\u5b83\u4eec\u5b89\u88c5\u5728\u8d77\u91cd\u673a\u4e0a\u7684\u9a6c\u8fbe\u4e0a\uff0c\u5728\u91c7\u77ff\u4f5c\u4e1a\u4e2d\uff0c\u4ee5\u53ca\u5728\u8f67\u94a2\u5382\u7b49\u7b49\u3002\u5f53\u4ea4\u6362\u8bbe\u5907\u65f6\uff0c\u53ef\u4ee5\u5c06\u5148\u524d\u5b58\u50a8\u5728\u7b2c\u4e00\u8bbe\u5907\u4e0a\u7684\u53c2\u6570\u4f20\u8f93\u5230\u65b0\u8bbe\u5907\u3002<\/p>\n\n\n\n<h4 class=\"wp-block-heading\">\u89c4\u683c<\/h4>\n\n\n\n<figure class=\"wp-block-table is-style-regular\"><table class=\"has-fixed-layout\"><tbody><tr><td>\u7535\u6e90\u7535\u538b<\/td><td>12-30\u4f0f\u76f4\u6d41\u6216100-240\u4f0f\u4ea4\u6d41<\/td><\/tr><tr><td>\u5f00\u5173\u6570\u91cf<\/td><td>2 or 4<\/td><\/tr><tr><td>\u5f00\u5173\u7535\u538b<\/td><td>2-30\u4f0f\u76f4\u6d41\u7535\u621630-230\u4f0f\u4ea4\u6d41\/\u76f4\u6d41\u7535<\/td><\/tr><tr><td>\u5f00\u5173\u901f\u5ea6\u8303\u56f4<\/td><td>0.63-6000\u8f6c\u5e26\u5b9e\u5fc3\u8f74<br>0.63-4000\u8f6c\u5e26\u7a7a\u5fc3\u8f74<\/td><\/tr><tr><td>\u5f00\u5173\u529f\u80fd<\/td><td>&#8211; Speed monitoring: Opens when switching speed exceeded or fallen below<br>&#8211; Additional functions: Direction of rotation switch, switching hysteresis (min. 10%), switching delay (0-300 ms), \u2026<br>&#8211; Programming via the selected switching speed range (interface: Mini USB)<\/td><\/tr><tr><td>\u6700\u5927\u8f6c\u6570<\/td><td>\u5e26\u5b9e\u5fc3\u8f74\u7684\u8f6c\u901f\u53ef\u8fbe6000\u8f6c<br>\u5e26\u7a7a\u5fc3\u8f74\u7684\u8f6c\u901f\u53ef\u8fbe4000\u8f6c<\/td><\/tr><tr><td>\u7535\u6c14\u8fde\u63a5<\/td><td>&#8211; Terminal strip in a terminal box<br>&#8211; Fixed cable (0.6-3 m)<br>&#8211; 12-pole round connector Burndy<br>&#8211; 15-pole industrial connector<\/td><\/tr><tr><td>Construction type \/ \u00d8 shafts<\/td><td>&#8211; Solid shaft (B5, B35): \u00d8 11 mm, \u00d8 14 mm with feather key<br>&#8211; Hollow shaft \/ \u00d8 16 mm, \u00d8 19 mm, \u00d8 20 mm with keyway; \u00d8&nbsp;16 mm, \u00d8 25 mm with clamp<\/td><\/tr><tr><td>\u8bbe\u5907\u6e29\u5ea6\u8303\u56f4<\/td><td>0 \u00b0C to +70 \u00b0C<br>-25 \u00b0C to +85 \u00b0C<br>-40 \u00b0C to +85 \u00b0C (on request)<\/td><\/tr><tr><td>\u9632\u62a4\u7b49\u7ea7<\/td><td>\u6700\u9ad8\u53ef\u8fbe IP66\/ IP67<\/td><\/tr><tr><td>\u91cd\u91cf<\/td><td>\u5927\u7ea6 3.5\u516c\u65a4<\/td><\/tr><tr><td>\u8bbe\u5907\u9009\u9879<\/td><td>\u589e\u91cf\u8f93\u51fa:\u53c2\u89c1\u5e26\u6709\u9009\u9879S\u7684FG 40<\/td><\/tr><tr><td>\u673a\u68b0\u9009\u9879<\/td><td>&#8211; Second shaft end with B14 flange for attachments (solid shaft construction type only)<br>&#8211; Additional foot (solid shaft construction type only)<br>&#8211; Isolated ball bearing (hollow shaft construction type only)<br>&#8211; MI: Saliferous environment<br>&#8211; MS: Wet areas in rolling mills<br>&#8211; Hollow shaft devices: Torque bracket (on request)<\/td><\/tr><tr><td>\u7279\u6b8a\u529f\u80fd\u548c\u8bc1\u4e66<\/td><td>UL\/CSA (for all&nbsp;devices&nbsp;with connection technology &#8220;Terminal strip in a terminal box&#8221; and up to 30 V supply voltage \/ switching voltage)<\/td><\/tr><\/tbody><\/table><\/figure>\n\n\n\n<p><\/p>\n\n\n\n<div class=\"wp-block-buttons is-layout-flex wp-block-buttons-is-layout-flex\">\n<div class=\"wp-block-button\"><a class=\"wp-block-button__link\" href=\"http:\/\/n-nergy.com\/zh\/home\/products\/encoders\/overspeed-switches-2\/\"><strong><span class=\"uppercase\">\u8fd4\u56de\u5230\u8d85\u901f\u5f00\u5173\u9875\u9762<\/span><\/strong><\/a><\/div>\n<\/div>","protected":false},"excerpt":{"rendered":"<p>Construction type Solid shaft (flange), Solid shaft (flange \/ foot), Hollow shaft Output signals \/ Interfaces Switch output speed Monitor overspeeds and underspeeds (programmable) Hollow shafts up to \u00d8 25 mm, solid shafts up to \u00d8 14 mm (flange or foot mounting) Relay contact \/ switching output: Up to 4 programmable \/ up to 2 &hellip; <a href=\"https:\/\/n-nergy.com\/zh\/home\/products\/hubner-encoder\/overspeed-switches-2\/egs-40-egshj-40\/\" class=\"more-link\">Continue reading <span class=\"screen-reader-text\">EGS 40 \/ EGSH(J) 40<\/span> <span class=\"meta-nav\">&rarr;<\/span><\/a><\/p>","protected":false},"author":1,"featured_media":6370,"parent":1424,"menu_order":0,"comment_status":"closed","ping_status":"closed","template":"","meta":{"footnotes":""},"class_list":["post-1427","page","type-page","status-publish","has-post-thumbnail","hentry"],"aioseo_notices":[],"_links":{"self":[{"href":"https:\/\/n-nergy.com\/zh\/wp-json\/wp\/v2\/pages\/1427","targetHints":{"allow":["GET"]}}],"collection":[{"href":"https:\/\/n-nergy.com\/zh\/wp-json\/wp\/v2\/pages"}],"about":[{"href":"https:\/\/n-nergy.com\/zh\/wp-json\/wp\/v2\/types\/page"}],"author":[{"embeddable":true,"href":"https:\/\/n-nergy.com\/zh\/wp-json\/wp\/v2\/users\/1"}],"replies":[{"embeddable":true,"href":"https:\/\/n-nergy.com\/zh\/wp-json\/wp\/v2\/comments?post=1427"}],"version-history":[{"count":1,"href":"https:\/\/n-nergy.com\/zh\/wp-json\/wp\/v2\/pages\/1427\/revisions"}],"predecessor-version":[{"id":6389,"href":"https:\/\/n-nergy.com\/zh\/wp-json\/wp\/v2\/pages\/1427\/revisions\/6389"}],"up":[{"embeddable":true,"href":"https:\/\/n-nergy.com\/zh\/wp-json\/wp\/v2\/pages\/1424"}],"wp:featuredmedia":[{"embeddable":true,"href":"https:\/\/n-nergy.com\/zh\/wp-json\/wp\/v2\/media\/6370"}],"wp:attachment":[{"href":"https:\/\/n-nergy.com\/zh\/wp-json\/wp\/v2\/media?parent=1427"}],"curies":[{"name":"wp","href":"https:\/\/api.w.org\/{rel}","templated":true}]}}